{"id":1163,"date":"2024-07-24T09:59:20","date_gmt":"2024-07-24T09:59:20","guid":{"rendered":"https:\/\/aleasalut.com\/?page_id=1163"},"modified":"2026-02-19T16:35:02","modified_gmt":"2026-02-19T15:35:02","slug":"vinyasa-s","status":"publish","type":"page","link":"https:\/\/aleasalut.com\/es\/escola-de-ioga\/vinyasa-s\/","title":{"rendered":"Viny\u0101sa S"},"content":{"rendered":"<div data-elementor-type=\"wp-page\" data-elementor-id=\"1163\" class=\"elementor elementor-1163\" data-elementor-post-type=\"page\">\n\t\t\t\t<div class=\"elementor-element elementor-element-8a38e8f e-flex e-con-boxed e-con e-parent\" data-id=\"8a38e8f\" data-element_type=\"container\" data-e-type=\"container\" data-settings=\"{&quot;background_background&quot;:&quot;classic&quot;}\">\n\t\t\t\t\t<div class=\"e-con-inner\">\n\t\t\t\t<div class=\"elementor-element elementor-element-6b5bebc elementor-widget elementor-widget-heading\" data-id=\"6b5bebc\" data-element_type=\"widget\" data-e-type=\"widget\" data-widget_type=\"heading.default\">\n\t\t\t\t<div class=\"elementor-widget-container\">\n\t\t\t\t\t<h3 class=\"elementor-heading-title elementor-size-default\"><a href=\"https:\/\/aleasalut.com\/es\/escola-de-ioga\/\">Escola de ioga especialitzada en estils din\u00e0mics: Viny\u0101sa Yoga<\/a><\/h3>\t\t\t\t<\/div>\n\t\t\t\t<\/div>\n\t\t\t\t\t<\/div>\n\t\t\t\t<\/div>\n\t\t<div class=\"elementor-element elementor-element-70498772 e-flex e-con-boxed e-con e-parent\" data-id=\"70498772\" data-element_type=\"container\" data-e-type=\"container\" data-settings=\"{&quot;background_background&quot;:&quot;classic&quot;}\">\n\t\t\t\t\t<div class=\"e-con-inner\">\n\t\t<div class=\"elementor-element elementor-element-17a96c70 e-con-full e-flex e-con e-child\" data-id=\"17a96c70\" data-element_type=\"container\" data-e-type=\"container\">\n\t\t\t\t<div class=\"elementor-element elementor-element-7e710c4e elementor-invisible elementor-widget elementor-widget-text-editor\" data-id=\"7e710c4e\" data-element_type=\"widget\" data-e-type=\"widget\" data-settings=\"{&quot;_animation&quot;:&quot;fadeInUp&quot;}\" data-widget_type=\"text-editor.default\">\n\t\t\t\t<div class=\"elementor-widget-container\">\n\t\t\t\t\t\t\t\t\t<h4>Viny\u0101sa S\u00a0<\/h4><p>El <strong data-start=\"714\" data-end=\"742\">Viny\u0101sa S\u00a0\u00b7 Sukha (suau)<\/strong> \u00e9s una pr\u00e0ctica suau, lenta i conscient, que posa l\u2019accent en la qualitat del moviment i en la comprensi\u00f3 profunda de cada postura.<\/p><p>El ritme pausat ofereix temps per observar el cos, ajustar l\u2019alineaci\u00f3 i refinar la t\u00e8cnica amb precisi\u00f3, afavorint una pr\u00e0ctica segura i sostenible.<\/p><p>La respiraci\u00f3 guia el moviment i ajuda a cultivar calma, sensibilitat i pres\u00e8ncia, convertint la sessi\u00f3 en una experi\u00e8ncia d\u2019escolta interna i atenci\u00f3 plena. \u00c9s una pr\u00e0ctica ideal tant per aprofundir en els fonaments del vinyassa com per a moments en qu\u00e8 es busca suavitat, claredat i equilibri.<\/p>\t\t\t\t\t\t\t\t<\/div>\n\t\t\t\t<\/div>\n\t\t\t\t<\/div>\n\t\t<div class=\"elementor-element elementor-element-49371f05 e-con-full e-flex e-con e-child\" data-id=\"49371f05\" data-element_type=\"container\" data-e-type=\"container\" data-settings=\"{&quot;background_background&quot;:&quot;classic&quot;}\">\n\t\t\t\t<\/div>\n\t\t\t\t\t<\/div>\n\t\t\t\t<\/div>\n\t\t<div class=\"elementor-element elementor-element-70840fd e-flex e-con-boxed e-con e-parent\" data-id=\"70840fd\" data-element_type=\"container\" data-e-type=\"container\" data-settings=\"{&quot;background_background&quot;:&quot;classic&quot;}\">\n\t\t\t\t\t<div class=\"e-con-inner\">\n\t\t\t\t<div class=\"elementor-element elementor-element-84c9880 elementor-widget elementor-widget-spacer\" data-id=\"84c9880\" data-element_type=\"widget\" data-e-type=\"widget\" data-widget_type=\"spacer.default\">\n\t\t\t\t<div class=\"elementor-widget-container\">\n\t\t\t\t\t\t\t<div class=\"elementor-spacer\">\n\t\t\t<div class=\"elementor-spacer-inner\"><\/div>\n\t\t<\/div>\n\t\t\t\t\t\t<\/div>\n\t\t\t\t<\/div>\n\t\t\t\t<div class=\"elementor-element elementor-element-b1de0ae elementor-widget elementor-widget-text-editor\" data-id=\"b1de0ae\" data-element_type=\"widget\" data-e-type=\"widget\" data-widget_type=\"text-editor.default\">\n\t\t\t\t<div class=\"elementor-widget-container\">\n\t\t\t\t\t\t\t\t\t<h4>Horaris Viny\u0101sa S<\/h4>\t\t\t\t\t\t\t\t<\/div>\n\t\t\t\t<\/div>\n\t\t\t\t<div class=\"elementor-element elementor-element-cbabe61 elementor-widget elementor-widget-timetable\" data-id=\"cbabe61\" data-element_type=\"widget\" data-e-type=\"widget\" data-widget_type=\"timetable.default\">\n\t\t\t\t<div class=\"elementor-widget-container\">\n\t\t\t\t\t\t    <div class=\"mptt-shortcode-wrapper mptt-table-fixed\">\n\t\t\t<select class=\"mptt-menu mptt-navigation-select\" style=\"display:none;\">\n\t\t\t\t\t\t\t<option value=\"all\">All Events<\/option>\n\t\t\t\t\t\t\t\t<option value=\"vinyasa-s\">Viny\u0101sa S<\/option>\n\t\t\t\t\t\t<\/select>\n\t\t<table class=\"mptt-shortcode-table  mptt-theme-mode\" id=\"#all\" style=\"display:none; \" data-hide_empty_row=\"1\">\n\t\t<thead>\n<tr class=\"mptt-shortcode-row\">\n\t\t\t<th data-index=\"0\" data-column-id=\"\"><\/th>\n\t\t\t<th data-index=\"1\" data-column-id=\"3352\">Lunes<\/th>\n\t\t\t<th data-index=\"2\" data-column-id=\"3355\">Jueves<\/th>\n\t\t\t<th data-index=\"3\" data-column-id=\"3356\">Viernes<\/th>\n\t<\/tr>\n<\/thead>\t\t<tbody>\n\t\t\t\t\t\t<tr class=\"mptt-shortcode-row-9\" data-index=\"9\">\n\t\t\t\t\t\t\t\t\t\t\t\t<td class=\"mptt-shortcode-hours\" style=\"height:45px;\">9:00<\/td>\n\t\t\t\t\t\t\t\t\t\t\t\t\t\t<td class=\"mptt-shortcode-event  mptt-event-vertical-default\" data-column-id=\"3352\" colspan=\"1\" data-row_height=\"45\" style=\"height:45px;\">\n\t\t\t\t\t\t\t\t\t\t\t\t\t\t\t<\/td>\n\t\t\t\t\t\t\t\t\t\t\t\t\t<td class=\"mptt-shortcode-event  mptt-event-vertical-default\" data-column-id=\"3355\" colspan=\"1\" data-row_height=\"45\" style=\"height:45px;\">\n\t\t\t\t\t\t\t\t\t\t\t\t\t\t\t<\/td>\n\t\t\t\t\t\t\t\t\t\t\t\t\t<td class=\"mptt-shortcode-event  mptt-event-vertical-default\" data-column-id=\"3356\" colspan=\"1\" data-row_height=\"45\" style=\"height:45px;\">\n\t\t\t\t\t\t\t\t<div data-event-id=\"3369\"\n     data-start=\"9\"\n     data-start-item=\"9\"\n     data-end=\"11\"\n     class=\"mptt-event-container id-75 mptt-colorized\"\n     data-type=\"event\"\n     data-bg_hover_color=\"rgb(226, 229, 186)\"\n     data-bg_color=\"rgb(226, 229, 186)\"\n     data-hover_color=\"rgb(0, 0, 0)\"\n     data-color=\"rgb(0, 0, 0)\"\n     data-min-height=\"\"\n     style=\"text-align:center;     background-color:rgb(226, 229, 186);     color:rgb(0, 0, 0);     height:100%;     \">\n\t<div class=\"mptt-inner-event-content\">\n\t\t\t\t\t\t<a title=\"Viny\u0101sa S\" href=\"https:\/\/aleasalut.com\/es\/timetable\/event\/vinyasa-s\/\" class=\"event-title\">Viny\u0101sa S<\/a>\n\t\t\t\t\t\t<p class=\"timeslot\">\n\t\t\t\t<time datetime=\"09:30\" class=\"timeslot-start\">9:30<\/time>\n\t\t\t\t<span class=\"timeslot-delimiter\"> - <\/span>\n\t\t\t\t<time datetime=\"10:30\" class=\"timeslot-end\">10:30<\/time>\n\t\t\t<\/p>\n\t\t\t<\/div>\n<\/div>\t\t\t\t\t\t\t<\/td>\n\t\t\t\t\t\t\t\t\t\t<\/tr>\n\t\t\t\t\t\t\t<tr class=\"mptt-shortcode-row-10\" data-index=\"10\">\n\t\t\t\t\t\t\t\t\t\t\t\t<td class=\"mptt-shortcode-hours\" style=\"height:45px;\">10:00<\/td>\n\t\t\t\t\t\t\t\t\t\t\t\t\t\t<td class=\"mptt-shortcode-event  mptt-event-vertical-default\" data-column-id=\"3352\" colspan=\"1\" data-row_height=\"45\" style=\"height:45px;\">\n\t\t\t\t\t\t\t\t\t\t\t\t\t\t\t<\/td>\n\t\t\t\t\t\t\t\t\t\t\t\t\t<td class=\"mptt-shortcode-event  mptt-event-vertical-default\" data-column-id=\"3355\" colspan=\"1\" data-row_height=\"45\" style=\"height:45px;\">\n\t\t\t\t\t\t\t\t\t\t\t\t\t\t\t<\/td>\n\t\t\t\t\t\t\t\t\t\t\t\t\t<td class=\"mptt-shortcode-event  mptt-event-vertical-default\" data-column-id=\"3356\" colspan=\"1\" data-row_height=\"45\" style=\"height:45px;\">\n\t\t\t\t\t\t\t\t\t\t\t\t\t\t\t<\/td>\n\t\t\t\t\t\t\t\t\t\t<\/tr>\n\t\t\t\t\t\t\t<tr class=\"mptt-shortcode-row-17\" data-index=\"17\">\n\t\t\t\t\t\t\t\t\t\t\t\t<td class=\"mptt-shortcode-hours\" style=\"height:45px;\">17:00<\/td>\n\t\t\t\t\t\t\t\t\t\t\t\t\t\t<td class=\"mptt-shortcode-event  mptt-event-vertical-default\" data-column-id=\"3352\" colspan=\"1\" data-row_height=\"45\" style=\"height:45px;\">\n\t\t\t\t\t\t\t\t<div data-event-id=\"3369\"\n     data-start=\"17\"\n     data-start-item=\"17\"\n     data-end=\"18\"\n     class=\"mptt-event-container id-12 mptt-colorized\"\n     data-type=\"event\"\n     data-bg_hover_color=\"rgb(226, 229, 186)\"\n     data-bg_color=\"rgb(226, 229, 186)\"\n     data-hover_color=\"rgb(0, 0, 0)\"\n     data-color=\"rgb(0, 0, 0)\"\n     data-min-height=\"\"\n     style=\"text-align:center;     background-color:rgb(226, 229, 186);     color:rgb(0, 0, 0);     height:100%;     \">\n\t<div class=\"mptt-inner-event-content\">\n\t\t\t\t\t\t<a title=\"Viny\u0101sa S\" href=\"https:\/\/aleasalut.com\/es\/timetable\/event\/vinyasa-s\/\" class=\"event-title\">Viny\u0101sa S<\/a>\n\t\t\t\t\t\t<p class=\"timeslot\">\n\t\t\t\t<time datetime=\"17:00\" class=\"timeslot-start\">17:00<\/time>\n\t\t\t\t<span class=\"timeslot-delimiter\"> - <\/span>\n\t\t\t\t<time datetime=\"18:00\" class=\"timeslot-end\">18:00<\/time>\n\t\t\t<\/p>\n\t\t\t<\/div>\n<\/div>\t\t\t\t\t\t\t<\/td>\n\t\t\t\t\t\t\t\t\t\t\t\t\t<td class=\"mptt-shortcode-event  mptt-event-vertical-default\" data-column-id=\"3355\" colspan=\"1\" data-row_height=\"45\" style=\"height:45px;\">\n\t\t\t\t\t\t\t\t\t\t\t\t\t\t\t<\/td>\n\t\t\t\t\t\t\t\t\t\t\t\t\t<td class=\"mptt-shortcode-event  mptt-event-vertical-default\" data-column-id=\"3356\" colspan=\"1\" data-row_height=\"45\" style=\"height:45px;\">\n\t\t\t\t\t\t\t\t\t\t\t\t\t\t\t<\/td>\n\t\t\t\t\t\t\t\t\t\t<\/tr>\n\t\t\t\t\t\t\t<tr class=\"mptt-shortcode-row-20\" data-index=\"20\">\n\t\t\t\t\t\t\t\t\t\t\t\t<td class=\"mptt-shortcode-hours\" style=\"height:45px;\">20:00<\/td>\n\t\t\t\t\t\t\t\t\t\t\t\t\t\t<td class=\"mptt-shortcode-event  mptt-event-vertical-default\" data-column-id=\"3352\" colspan=\"1\" data-row_height=\"45\" style=\"height:45px;\">\n\t\t\t\t\t\t\t\t\t\t\t\t\t\t\t<\/td>\n\t\t\t\t\t\t\t\t\t\t\t\t\t<td class=\"mptt-shortcode-event  mptt-event-vertical-default\" data-column-id=\"3355\" colspan=\"1\" data-row_height=\"45\" style=\"height:45px;\">\n\t\t\t\t\t\t\t\t<div data-event-id=\"3369\"\n     data-start=\"20\"\n     data-start-item=\"20\"\n     data-end=\"21\"\n     class=\"mptt-event-container id-74 mptt-colorized\"\n     data-type=\"event\"\n     data-bg_hover_color=\"rgb(226, 229, 186)\"\n     data-bg_color=\"rgb(226, 229, 186)\"\n     data-hover_color=\"rgb(0, 0, 0)\"\n     data-color=\"rgb(0, 0, 0)\"\n     data-min-height=\"\"\n     style=\"text-align:center;     background-color:rgb(226, 229, 186);     color:rgb(0, 0, 0);     height:100%;     \">\n\t<div class=\"mptt-inner-event-content\">\n\t\t\t\t\t\t<a title=\"Viny\u0101sa S\" href=\"https:\/\/aleasalut.com\/es\/timetable\/event\/vinyasa-s\/\" class=\"event-title\">Viny\u0101sa S<\/a>\n\t\t\t\t\t\t<p class=\"timeslot\">\n\t\t\t\t<time datetime=\"20:00\" class=\"timeslot-start\">20:00<\/time>\n\t\t\t\t<span class=\"timeslot-delimiter\"> - <\/span>\n\t\t\t\t<time datetime=\"21:00\" class=\"timeslot-end\">21:00<\/time>\n\t\t\t<\/p>\n\t\t\t<\/div>\n<\/div>\t\t\t\t\t\t\t<\/td>\n\t\t\t\t\t\t\t\t\t\t\t\t\t<td class=\"mptt-shortcode-event  mptt-event-vertical-default\" data-column-id=\"3356\" colspan=\"1\" data-row_height=\"45\" style=\"height:45px;\">\n\t\t\t\t\t\t\t\t\t\t\t\t\t\t\t<\/td>\n\t\t\t\t\t\t\t\t\t\t<\/tr>\n\t\t\t\t\t<\/tbody>\n\t<\/table>\n\t\t<table class=\"mptt-shortcode-table  mptt-theme-mode\" id=\"#vinyasa-s\" style=\"display:none; \" data-hide_empty_row=\"1\">\n\t\t<thead>\n<tr class=\"mptt-shortcode-row\">\n\t\t\t<th data-index=\"0\" data-column-id=\"\"><\/th>\n\t\t\t<th data-index=\"1\" data-column-id=\"3352\">Lunes<\/th>\n\t\t\t<th data-index=\"2\" data-column-id=\"3355\">Jueves<\/th>\n\t\t\t<th data-index=\"3\" data-column-id=\"3356\">Viernes<\/th>\n\t<\/tr>\n<\/thead>\t\t<tbody>\n\t\t\t\t\t\t<tr class=\"mptt-shortcode-row-9\" data-index=\"9\">\n\t\t\t\t\t\t\t\t\t\t\t\t<td class=\"mptt-shortcode-hours\" style=\"height:45px;\">9:00<\/td>\n\t\t\t\t\t\t\t\t\t\t\t\t\t\t<td class=\"mptt-shortcode-event  mptt-event-vertical-default\" data-column-id=\"3352\" colspan=\"1\" data-row_height=\"45\" style=\"height:45px;\">\n\t\t\t\t\t\t\t\t\t\t\t\t\t\t\t<\/td>\n\t\t\t\t\t\t\t\t\t\t\t\t\t<td class=\"mptt-shortcode-event  mptt-event-vertical-default\" data-column-id=\"3355\" colspan=\"1\" data-row_height=\"45\" style=\"height:45px;\">\n\t\t\t\t\t\t\t\t\t\t\t\t\t\t\t<\/td>\n\t\t\t\t\t\t\t\t\t\t\t\t\t<td class=\"mptt-shortcode-event  mptt-event-vertical-default\" data-column-id=\"3356\" colspan=\"1\" data-row_height=\"45\" style=\"height:45px;\">\n\t\t\t\t\t\t\t\t<div data-event-id=\"3369\"\n     data-start=\"9\"\n     data-start-item=\"9\"\n     data-end=\"11\"\n     class=\"mptt-event-container id-75 mptt-colorized\"\n     data-type=\"event\"\n     data-bg_hover_color=\"rgb(226, 229, 186)\"\n     data-bg_color=\"rgb(226, 229, 186)\"\n     data-hover_color=\"rgb(0, 0, 0)\"\n     data-color=\"rgb(0, 0, 0)\"\n     data-min-height=\"\"\n     style=\"text-align:center;     background-color:rgb(226, 229, 186);     color:rgb(0, 0, 0);     height:100%;     \">\n\t<div class=\"mptt-inner-event-content\">\n\t\t\t\t\t\t<a title=\"Viny\u0101sa S\" href=\"https:\/\/aleasalut.com\/es\/timetable\/event\/vinyasa-s\/\" class=\"event-title\">Viny\u0101sa S<\/a>\n\t\t\t\t\t\t<p class=\"timeslot\">\n\t\t\t\t<time datetime=\"09:30\" class=\"timeslot-start\">9:30<\/time>\n\t\t\t\t<span class=\"timeslot-delimiter\"> - <\/span>\n\t\t\t\t<time datetime=\"10:30\" class=\"timeslot-end\">10:30<\/time>\n\t\t\t<\/p>\n\t\t\t<\/div>\n<\/div>\t\t\t\t\t\t\t<\/td>\n\t\t\t\t\t\t\t\t\t\t<\/tr>\n\t\t\t\t\t\t\t<tr class=\"mptt-shortcode-row-10\" data-index=\"10\">\n\t\t\t\t\t\t\t\t\t\t\t\t<td class=\"mptt-shortcode-hours\" style=\"height:45px;\">10:00<\/td>\n\t\t\t\t\t\t\t\t\t\t\t\t\t\t<td class=\"mptt-shortcode-event  mptt-event-vertical-default\" data-column-id=\"3352\" colspan=\"1\" data-row_height=\"45\" style=\"height:45px;\">\n\t\t\t\t\t\t\t\t\t\t\t\t\t\t\t<\/td>\n\t\t\t\t\t\t\t\t\t\t\t\t\t<td class=\"mptt-shortcode-event  mptt-event-vertical-default\" data-column-id=\"3355\" colspan=\"1\" data-row_height=\"45\" style=\"height:45px;\">\n\t\t\t\t\t\t\t\t\t\t\t\t\t\t\t<\/td>\n\t\t\t\t\t\t\t\t\t\t\t\t\t<td class=\"mptt-shortcode-event  mptt-event-vertical-default\" data-column-id=\"3356\" colspan=\"1\" data-row_height=\"45\" style=\"height:45px;\">\n\t\t\t\t\t\t\t\t\t\t\t\t\t\t\t<\/td>\n\t\t\t\t\t\t\t\t\t\t<\/tr>\n\t\t\t\t\t\t\t<tr class=\"mptt-shortcode-row-17\" data-index=\"17\">\n\t\t\t\t\t\t\t\t\t\t\t\t<td class=\"mptt-shortcode-hours\" style=\"height:45px;\">17:00<\/td>\n\t\t\t\t\t\t\t\t\t\t\t\t\t\t<td class=\"mptt-shortcode-event  mptt-event-vertical-default\" data-column-id=\"3352\" colspan=\"1\" data-row_height=\"45\" style=\"height:45px;\">\n\t\t\t\t\t\t\t\t<div data-event-id=\"3369\"\n     data-start=\"17\"\n     data-start-item=\"17\"\n     data-end=\"18\"\n     class=\"mptt-event-container id-12 mptt-colorized\"\n     data-type=\"event\"\n     data-bg_hover_color=\"rgb(226, 229, 186)\"\n     data-bg_color=\"rgb(226, 229, 186)\"\n     data-hover_color=\"rgb(0, 0, 0)\"\n     data-color=\"rgb(0, 0, 0)\"\n     data-min-height=\"\"\n     style=\"text-align:center;     background-color:rgb(226, 229, 186);     color:rgb(0, 0, 0);     height:100%;     \">\n\t<div class=\"mptt-inner-event-content\">\n\t\t\t\t\t\t<a title=\"Viny\u0101sa S\" href=\"https:\/\/aleasalut.com\/es\/timetable\/event\/vinyasa-s\/\" class=\"event-title\">Viny\u0101sa S<\/a>\n\t\t\t\t\t\t<p class=\"timeslot\">\n\t\t\t\t<time datetime=\"17:00\" class=\"timeslot-start\">17:00<\/time>\n\t\t\t\t<span class=\"timeslot-delimiter\"> - <\/span>\n\t\t\t\t<time datetime=\"18:00\" class=\"timeslot-end\">18:00<\/time>\n\t\t\t<\/p>\n\t\t\t<\/div>\n<\/div>\t\t\t\t\t\t\t<\/td>\n\t\t\t\t\t\t\t\t\t\t\t\t\t<td class=\"mptt-shortcode-event  mptt-event-vertical-default\" data-column-id=\"3355\" colspan=\"1\" data-row_height=\"45\" style=\"height:45px;\">\n\t\t\t\t\t\t\t\t\t\t\t\t\t\t\t<\/td>\n\t\t\t\t\t\t\t\t\t\t\t\t\t<td class=\"mptt-shortcode-event  mptt-event-vertical-default\" data-column-id=\"3356\" colspan=\"1\" data-row_height=\"45\" style=\"height:45px;\">\n\t\t\t\t\t\t\t\t\t\t\t\t\t\t\t<\/td>\n\t\t\t\t\t\t\t\t\t\t<\/tr>\n\t\t\t\t\t\t\t<tr class=\"mptt-shortcode-row-20\" data-index=\"20\">\n\t\t\t\t\t\t\t\t\t\t\t\t<td class=\"mptt-shortcode-hours\" style=\"height:45px;\">20:00<\/td>\n\t\t\t\t\t\t\t\t\t\t\t\t\t\t<td class=\"mptt-shortcode-event  mptt-event-vertical-default\" data-column-id=\"3352\" colspan=\"1\" data-row_height=\"45\" style=\"height:45px;\">\n\t\t\t\t\t\t\t\t\t\t\t\t\t\t\t<\/td>\n\t\t\t\t\t\t\t\t\t\t\t\t\t<td class=\"mptt-shortcode-event  mptt-event-vertical-default\" data-column-id=\"3355\" colspan=\"1\" data-row_height=\"45\" style=\"height:45px;\">\n\t\t\t\t\t\t\t\t<div data-event-id=\"3369\"\n     data-start=\"20\"\n     data-start-item=\"20\"\n     data-end=\"21\"\n     class=\"mptt-event-container id-74 mptt-colorized\"\n     data-type=\"event\"\n     data-bg_hover_color=\"rgb(226, 229, 186)\"\n     data-bg_color=\"rgb(226, 229, 186)\"\n     data-hover_color=\"rgb(0, 0, 0)\"\n     data-color=\"rgb(0, 0, 0)\"\n     data-min-height=\"\"\n     style=\"text-align:center;     background-color:rgb(226, 229, 186);     color:rgb(0, 0, 0);     height:100%;     \">\n\t<div class=\"mptt-inner-event-content\">\n\t\t\t\t\t\t<a title=\"Viny\u0101sa S\" href=\"https:\/\/aleasalut.com\/es\/timetable\/event\/vinyasa-s\/\" class=\"event-title\">Viny\u0101sa S<\/a>\n\t\t\t\t\t\t<p class=\"timeslot\">\n\t\t\t\t<time datetime=\"20:00\" class=\"timeslot-start\">20:00<\/time>\n\t\t\t\t<span class=\"timeslot-delimiter\"> - <\/span>\n\t\t\t\t<time datetime=\"21:00\" class=\"timeslot-end\">21:00<\/time>\n\t\t\t<\/p>\n\t\t\t<\/div>\n<\/div>\t\t\t\t\t\t\t<\/td>\n\t\t\t\t\t\t\t\t\t\t\t\t\t<td class=\"mptt-shortcode-event  mptt-event-vertical-default\" data-column-id=\"3356\" colspan=\"1\" data-row_height=\"45\" style=\"height:45px;\">\n\t\t\t\t\t\t\t\t\t\t\t\t\t\t\t<\/td>\n\t\t\t\t\t\t\t\t\t\t<\/tr>\n\t\t\t\t\t<\/tbody>\n\t<\/table>\n\t\t<\/div>\n\t\t\t\t<\/div>\n\t\t\t\t<\/div>\n\t\t\t\t\t<\/div>\n\t\t\t\t<\/div>\n\t\t\t\t<\/div>","protected":false},"excerpt":{"rendered":"<p>Escola de ioga especialitzada en estils din\u00e0mics: Viny\u0101sa Yoga Viny\u0101sa S\u00a0 El Viny\u0101sa S\u00a0\u00b7 Sukha (suau) \u00e9s una pr\u00e0ctica suau, lenta i conscient, que posa l\u2019accent en la qualitat del moviment i en la comprensi\u00f3 profunda de cada postura. El ritme pausat ofereix temps per observar el cos, ajustar l\u2019alineaci\u00f3 i refinar la t\u00e8cnica amb [&hellip;]<\/p>\n","protected":false},"author":1,"featured_media":0,"parent":624,"menu_order":0,"comment_status":"closed","ping_status":"closed","template":"","meta":{"_acf_changed":false,"footnotes":""},"class_list":["post-1163","page","type-page","status-publish","hentry"],"acf":[],"yoast_head":"<!-- This site is optimized with the Yoast SEO plugin v27.5 - https:\/\/yoast.com\/product\/yoast-seo-wordpress\/ -->\n<title>Viny\u0101sa S - Alea<\/title>\n<meta name=\"robots\" content=\"index, follow, max-snippet:-1, max-image-preview:large, max-video-preview:-1\" \/>\n<link rel=\"canonical\" href=\"https:\/\/aleasalut.com\/es\/escola-de-ioga\/vinyasa-s\/\" \/>\n<meta property=\"og:locale\" content=\"es_ES\" \/>\n<meta property=\"og:type\" content=\"article\" \/>\n<meta property=\"og:title\" content=\"Viny\u0101sa S - Alea\" \/>\n<meta property=\"og:description\" content=\"Escola de ioga especialitzada en estils din\u00e0mics: Viny\u0101sa Yoga Viny\u0101sa S\u00a0 El Viny\u0101sa S\u00a0\u00b7 Sukha (suau) \u00e9s una pr\u00e0ctica suau, lenta i conscient, que posa l\u2019accent en la qualitat del moviment i en la comprensi\u00f3 profunda de cada postura. El ritme pausat ofereix temps per observar el cos, ajustar l\u2019alineaci\u00f3 i refinar la t\u00e8cnica amb [&hellip;]\" \/>\n<meta property=\"og:url\" content=\"https:\/\/aleasalut.com\/es\/escola-de-ioga\/vinyasa-s\/\" \/>\n<meta property=\"og:site_name\" content=\"Alea\" \/>\n<meta property=\"article:modified_time\" content=\"2026-02-19T15:35:02+00:00\" \/>\n<meta name=\"twitter:card\" content=\"summary_large_image\" \/>\n<meta name=\"twitter:label1\" content=\"Tiempo de lectura\" \/>\n\t<meta name=\"twitter:data1\" content=\"1 minuto\" \/>\n<script type=\"application\/ld+json\" class=\"yoast-schema-graph\">{\"@context\":\"https:\\\/\\\/schema.org\",\"@graph\":[{\"@type\":\"WebPage\",\"@id\":\"https:\\\/\\\/aleasalut.com\\\/escola-de-ioga\\\/vinyasa-s\\\/\",\"url\":\"https:\\\/\\\/aleasalut.com\\\/escola-de-ioga\\\/vinyasa-s\\\/\",\"name\":\"Viny\u0101sa S - Alea\",\"isPartOf\":{\"@id\":\"https:\\\/\\\/aleasalut.com\\\/#website\"},\"datePublished\":\"2024-07-24T09:59:20+00:00\",\"dateModified\":\"2026-02-19T15:35:02+00:00\",\"breadcrumb\":{\"@id\":\"https:\\\/\\\/aleasalut.com\\\/escola-de-ioga\\\/vinyasa-s\\\/#breadcrumb\"},\"inLanguage\":\"es\",\"potentialAction\":[{\"@type\":\"ReadAction\",\"target\":[\"https:\\\/\\\/aleasalut.com\\\/escola-de-ioga\\\/vinyasa-s\\\/\"]}]},{\"@type\":\"BreadcrumbList\",\"@id\":\"https:\\\/\\\/aleasalut.com\\\/escola-de-ioga\\\/vinyasa-s\\\/#breadcrumb\",\"itemListElement\":[{\"@type\":\"ListItem\",\"position\":1,\"name\":\"Inici\",\"item\":\"https:\\\/\\\/aleasalut.com\\\/\"},{\"@type\":\"ListItem\",\"position\":2,\"name\":\"Escola de Ioga\",\"item\":\"https:\\\/\\\/aleasalut.com\\\/escola-de-ioga\\\/\"},{\"@type\":\"ListItem\",\"position\":3,\"name\":\"Viny\u0101sa S\"}]},{\"@type\":\"WebSite\",\"@id\":\"https:\\\/\\\/aleasalut.com\\\/#website\",\"url\":\"https:\\\/\\\/aleasalut.com\\\/\",\"name\":\"Alea\",\"description\":\"\",\"publisher\":{\"@id\":\"https:\\\/\\\/aleasalut.com\\\/#organization\"},\"potentialAction\":[{\"@type\":\"SearchAction\",\"target\":{\"@type\":\"EntryPoint\",\"urlTemplate\":\"https:\\\/\\\/aleasalut.com\\\/?s={search_term_string}\"},\"query-input\":{\"@type\":\"PropertyValueSpecification\",\"valueRequired\":true,\"valueName\":\"search_term_string\"}}],\"inLanguage\":\"es\"},{\"@type\":\"Organization\",\"@id\":\"https:\\\/\\\/aleasalut.com\\\/#organization\",\"name\":\"Alea\",\"url\":\"https:\\\/\\\/aleasalut.com\\\/\",\"logo\":{\"@type\":\"ImageObject\",\"inLanguage\":\"es\",\"@id\":\"https:\\\/\\\/aleasalut.com\\\/#\\\/schema\\\/logo\\\/image\\\/\",\"url\":\"https:\\\/\\\/aleasalut.com\\\/wp-content\\\/uploads\\\/2024\\\/07\\\/ALEA-B_logo_h.png\",\"contentUrl\":\"https:\\\/\\\/aleasalut.com\\\/wp-content\\\/uploads\\\/2024\\\/07\\\/ALEA-B_logo_h.png\",\"width\":707,\"height\":304,\"caption\":\"Alea\"},\"image\":{\"@id\":\"https:\\\/\\\/aleasalut.com\\\/#\\\/schema\\\/logo\\\/image\\\/\"}}]}<\/script>\n<!-- \/ Yoast SEO plugin. -->","yoast_head_json":{"title":"Viny\u0101sa S - Alea","robots":{"index":"index","follow":"follow","max-snippet":"max-snippet:-1","max-image-preview":"max-image-preview:large","max-video-preview":"max-video-preview:-1"},"canonical":"https:\/\/aleasalut.com\/es\/escola-de-ioga\/vinyasa-s\/","og_locale":"es_ES","og_type":"article","og_title":"Viny\u0101sa S - Alea","og_description":"Escola de ioga especialitzada en estils din\u00e0mics: Viny\u0101sa Yoga Viny\u0101sa S\u00a0 El Viny\u0101sa S\u00a0\u00b7 Sukha (suau) \u00e9s una pr\u00e0ctica suau, lenta i conscient, que posa l\u2019accent en la qualitat del moviment i en la comprensi\u00f3 profunda de cada postura. El ritme pausat ofereix temps per observar el cos, ajustar l\u2019alineaci\u00f3 i refinar la t\u00e8cnica amb [&hellip;]","og_url":"https:\/\/aleasalut.com\/es\/escola-de-ioga\/vinyasa-s\/","og_site_name":"Alea","article_modified_time":"2026-02-19T15:35:02+00:00","twitter_card":"summary_large_image","twitter_misc":{"Tiempo de lectura":"1 minuto"},"schema":{"@context":"https:\/\/schema.org","@graph":[{"@type":"WebPage","@id":"https:\/\/aleasalut.com\/escola-de-ioga\/vinyasa-s\/","url":"https:\/\/aleasalut.com\/escola-de-ioga\/vinyasa-s\/","name":"Viny\u0101sa S - Alea","isPartOf":{"@id":"https:\/\/aleasalut.com\/#website"},"datePublished":"2024-07-24T09:59:20+00:00","dateModified":"2026-02-19T15:35:02+00:00","breadcrumb":{"@id":"https:\/\/aleasalut.com\/escola-de-ioga\/vinyasa-s\/#breadcrumb"},"inLanguage":"es","potentialAction":[{"@type":"ReadAction","target":["https:\/\/aleasalut.com\/escola-de-ioga\/vinyasa-s\/"]}]},{"@type":"BreadcrumbList","@id":"https:\/\/aleasalut.com\/escola-de-ioga\/vinyasa-s\/#breadcrumb","itemListElement":[{"@type":"ListItem","position":1,"name":"Inici","item":"https:\/\/aleasalut.com\/"},{"@type":"ListItem","position":2,"name":"Escola de Ioga","item":"https:\/\/aleasalut.com\/escola-de-ioga\/"},{"@type":"ListItem","position":3,"name":"Viny\u0101sa S"}]},{"@type":"WebSite","@id":"https:\/\/aleasalut.com\/#website","url":"https:\/\/aleasalut.com\/","name":"Alea","description":"","publisher":{"@id":"https:\/\/aleasalut.com\/#organization"},"potentialAction":[{"@type":"SearchAction","target":{"@type":"EntryPoint","urlTemplate":"https:\/\/aleasalut.com\/?s={search_term_string}"},"query-input":{"@type":"PropertyValueSpecification","valueRequired":true,"valueName":"search_term_string"}}],"inLanguage":"es"},{"@type":"Organization","@id":"https:\/\/aleasalut.com\/#organization","name":"Alea","url":"https:\/\/aleasalut.com\/","logo":{"@type":"ImageObject","inLanguage":"es","@id":"https:\/\/aleasalut.com\/#\/schema\/logo\/image\/","url":"https:\/\/aleasalut.com\/wp-content\/uploads\/2024\/07\/ALEA-B_logo_h.png","contentUrl":"https:\/\/aleasalut.com\/wp-content\/uploads\/2024\/07\/ALEA-B_logo_h.png","width":707,"height":304,"caption":"Alea"},"image":{"@id":"https:\/\/aleasalut.com\/#\/schema\/logo\/image\/"}}]}},"_links":{"self":[{"href":"https:\/\/aleasalut.com\/es\/wp-json\/wp\/v2\/pages\/1163","targetHints":{"allow":["GET"]}}],"collection":[{"href":"https:\/\/aleasalut.com\/es\/wp-json\/wp\/v2\/pages"}],"about":[{"href":"https:\/\/aleasalut.com\/es\/wp-json\/wp\/v2\/types\/page"}],"author":[{"embeddable":true,"href":"https:\/\/aleasalut.com\/es\/wp-json\/wp\/v2\/users\/1"}],"replies":[{"embeddable":true,"href":"https:\/\/aleasalut.com\/es\/wp-json\/wp\/v2\/comments?post=1163"}],"version-history":[{"count":38,"href":"https:\/\/aleasalut.com\/es\/wp-json\/wp\/v2\/pages\/1163\/revisions"}],"predecessor-version":[{"id":5317,"href":"https:\/\/aleasalut.com\/es\/wp-json\/wp\/v2\/pages\/1163\/revisions\/5317"}],"up":[{"embeddable":true,"href":"https:\/\/aleasalut.com\/es\/wp-json\/wp\/v2\/pages\/624"}],"wp:attachment":[{"href":"https:\/\/aleasalut.com\/es\/wp-json\/wp\/v2\/media?parent=1163"}],"curies":[{"name":"wp","href":"https:\/\/api.w.org\/{rel}","templated":true}]}}