{"id":2380,"date":"2024-11-22T15:19:23","date_gmt":"2024-11-22T14:19:23","guid":{"rendered":"https:\/\/aleasalut.com\/?page_id=2380"},"modified":"2025-04-30T10:41:24","modified_gmt":"2025-04-30T08:41:24","slug":"treballa-amb-nosalres","status":"publish","type":"page","link":"https:\/\/aleasalut.com\/es\/treballa-amb-nosalres\/","title":{"rendered":"\u00a1Trabaja con nosotros!"},"content":{"rendered":"<div data-elementor-type=\"wp-page\" data-elementor-id=\"2380\" class=\"elementor elementor-2380\" data-elementor-post-type=\"page\">\n\t\t\t\t<div class=\"elementor-element elementor-element-e4bd3dc e-flex e-con-boxed e-con e-parent\" data-id=\"e4bd3dc\" data-element_type=\"container\" data-e-type=\"container\" data-settings=\"{&quot;background_background&quot;:&quot;classic&quot;}\">\n\t\t\t\t\t<div class=\"e-con-inner\">\n\t\t\t\t<div class=\"elementor-element elementor-element-f950746 elementor-widget elementor-widget-heading\" data-id=\"f950746\" data-element_type=\"widget\" data-e-type=\"widget\" data-widget_type=\"heading.default\">\n\t\t\t\t<div class=\"elementor-widget-container\">\n\t\t\t\t\t<h1 class=\"elementor-heading-title elementor-size-default\">\u00a1Trabaja con nosotros!<\/h1>\t\t\t\t<\/div>\n\t\t\t\t<\/div>\n\t\t\t\t<div class=\"elementor-element elementor-element-8dd16b2 elementor-icon-list--layout-inline elementor-list-item-link-full_width elementor-widget elementor-widget-icon-list\" data-id=\"8dd16b2\" data-element_type=\"widget\" data-e-type=\"widget\" data-widget_type=\"icon-list.default\">\n\t\t\t\t<div class=\"elementor-widget-container\">\n\t\t\t\t\t\t\t<ul class=\"elementor-icon-list-items elementor-inline-items\">\n\t\t\t\t\t\t\t<li class=\"elementor-icon-list-item elementor-inline-item\">\n\t\t\t\t\t\t\t\t\t\t<span class=\"elementor-icon-list-text\">Inicio<\/span>\n\t\t\t\t\t\t\t\t\t<\/li>\n\t\t\t\t\t\t\t\t<li class=\"elementor-icon-list-item elementor-inline-item\">\n\t\t\t\t\t\t\t\t\t\t\t<span class=\"elementor-icon-list-icon\">\n\t\t\t\t\t\t\t<svg aria-hidden=\"true\" class=\"e-font-icon-svg e-fas-arrow-right\" viewbox=\"0 0 448 512\" xmlns=\"http:\/\/www.w3.org\/2000\/svg\"><path d=\"M190.5 66.9l22.2-22.2c9.4-9.4 24.6-9.4 33.9 0L441 239c9.4 9.4 9.4 24.6 0 33.9L246.6 467.3c-9.4 9.4-24.6 9.4-33.9 0l-22.2-22.2c-9.5-9.5-9.3-25 .4-34.3L311.4 296H24c-13.3 0-24-10.7-24-24v-32c0-13.3 10.7-24 24-24h287.4L190.9 101.2c-9.8-9.3-10-24.8-.4-34.3z\"><\/path><\/svg>\t\t\t\t\t\t<\/span>\n\t\t\t\t\t\t\t\t\t\t<span class=\"elementor-icon-list-text\">\u00a1Trabaja con nosotros!<\/span>\n\t\t\t\t\t\t\t\t\t<\/li>\n\t\t\t\t\t\t<\/ul>\n\t\t\t\t\t\t<\/div>\n\t\t\t\t<\/div>\n\t\t\t\t\t<\/div>\n\t\t\t\t<\/div>\n\t\t<div class=\"elementor-element elementor-element-131c2c3 e-flex e-con-boxed e-con e-parent\" data-id=\"131c2c3\" data-element_type=\"container\" data-e-type=\"container\">\n\t\t\t\t\t<div class=\"e-con-inner\">\n\t\t\t\t<div class=\"elementor-element elementor-element-8d7f737 elementor-widget elementor-widget-text-editor\" data-id=\"8d7f737\" data-element_type=\"widget\" data-e-type=\"widget\" data-widget_type=\"text-editor.default\">\n\t\t\t\t<div class=\"elementor-widget-container\">\n\t\t\t\t\t\t\t\t\t<h2 style=\"text-align: center;\">\u00a1\u00daNETE AL EQUIPO DE ALEA!<\/h2><p>En Alea estamos en constante crecimiento y buscamos incorporar nuevos profesionales. \u00a1esta es tu oportunidad!<\/p><p><b>Buscamos:<\/b><\/p><ul><li><b><\/b>Nutricionistas: profesionales orientados a la salud integral y el benestar nutricional.<\/li><li>Fisoterapeutas: comprometidos con el bienestar f\u00edsico y la salud de los usuarios.<\/li><li>Profesoras\/as de actividades dirigidas: expertos en fitness y ejercicios funcionales para diversas edades y capacidades.<\/li><li>Profesoras\/as de yoga: con formaci\u00f3n integral en yoga, capaces de promover todos sus aspectos (f\u00edsico, mental y espiritual).<\/li><\/ul><p><b>Requisitos:<\/b><\/p><ul><li>Personas din\u00e1micas que se mantengan en formaci\u00f3n continua. Creemos que el mundo de la salud requiere estar en constante evoluci\u00f3n y actualizaci\u00f3n.<\/li><li>Aut\u00f3nomos: buscamos profesionales que gestionan su actividad de forma independiente.<\/li><li>Compromiso con la innovaci\u00f3n: en Alea estamos convencidos de la importancia de reinventarnos en cada paso.<\/li><li>Pasi\u00f3n por el benestar integral: buscamos personas que se preocupan por el equilibrio f\u00edsico, emocional y mental de nuestros usuarios.<\/li><\/ul><p><b>Ofrecemos:<\/b><\/p><ul><li><b><\/b>Un ambiente de trabajo colaborativo y din\u00e1mico.<\/li><li>Oportunidades de crecimiento profesional.<\/li><li>Un entorno en el que podr\u00e1s aplicar tus conocimientos y seguir aprendiendo.<\/li><\/ul><p>Si te apasiona el mundo de la salud, el benestar y el yoga, \u00a1nos encantar\u00eda conocerte! <br \/>Env\u00eda tu CV y una breve carta de presentaci\u00f3n a <a href=\"mailto:info@aleasalut\"><strong>info@aleasalut<\/strong><\/a>.<\/p>\t\t\t\t\t\t\t\t<\/div>\n\t\t\t\t<\/div>\n\t\t\t\t\t<\/div>\n\t\t\t\t<\/div>\n\t\t\t\t<\/div>","protected":false},"excerpt":{"rendered":"<p>Inici \u00a1\u00daNETE AL EQUIPO DE ALEA! En Alea estamos en constante crecimiento y buscamos incorporar nuevos profesionales. Si eres un especialista en el \u00e1rea de la salud apasionado y te mantienes en continua formaci\u00f3n, \u00a1esta es tu oportunidad! Buscamos: Nutricionistas: profesionales orientados a la salud integral y el bienestar nutricional. Fisoterapeutas: comprometidos con el bienestar [&hellip;]<\/p>\n","protected":false},"author":4,"featured_media":0,"parent":0,"menu_order":0,"comment_status":"closed","ping_status":"closed","template":"","meta":{"_acf_changed":false,"footnotes":""},"class_list":["post-2380","page","type-page","status-publish","hentry"],"acf":[],"yoast_head":"<!-- This site is optimized with the Yoast SEO plugin v27.5 - https:\/\/yoast.com\/product\/yoast-seo-wordpress\/ -->\n<title>Treballa amb nosaltres! - Alea<\/title>\n<meta name=\"robots\" content=\"index, follow, max-snippet:-1, max-image-preview:large, max-video-preview:-1\" \/>\n<link rel=\"canonical\" href=\"https:\/\/aleasalut.com\/es\/elementor-2380\/\" \/>\n<meta property=\"og:locale\" content=\"es_ES\" \/>\n<meta property=\"og:type\" content=\"article\" \/>\n<meta property=\"og:title\" content=\"Treballa amb nosaltres! - Alea\" \/>\n<meta property=\"og:description\" content=\"Inici \u00a1\u00daNETE AL EQUIPO DE ALEA! En Alea estamos en constante crecimiento y buscamos incorporar nuevos profesionales. Si eres un especialista en el \u00e1rea de la salud apasionado y te mantienes en continua formaci\u00f3n, \u00a1esta es tu oportunidad! Buscamos: Nutricionistas: profesionales orientados a la salud integral y el bienestar nutricional. Fisoterapeutas: comprometidos con el bienestar [&hellip;]\" \/>\n<meta property=\"og:url\" content=\"https:\/\/aleasalut.com\/es\/elementor-2380\/\" \/>\n<meta property=\"og:site_name\" content=\"Alea\" \/>\n<meta property=\"article:modified_time\" content=\"2025-04-30T08:41:24+00:00\" \/>\n<meta name=\"twitter:card\" content=\"summary_large_image\" \/>\n<meta name=\"twitter:label1\" content=\"Tiempo de lectura\" \/>\n\t<meta name=\"twitter:data1\" content=\"2 minutos\" \/>\n<script type=\"application\/ld+json\" class=\"yoast-schema-graph\">{\"@context\":\"https:\\\/\\\/schema.org\",\"@graph\":[{\"@type\":\"WebPage\",\"@id\":\"https:\\\/\\\/aleasalut.com\\\/elementor-2380\\\/\",\"url\":\"https:\\\/\\\/aleasalut.com\\\/elementor-2380\\\/\",\"name\":\"Treballa amb nosaltres! - Alea\",\"isPartOf\":{\"@id\":\"https:\\\/\\\/aleasalut.com\\\/#website\"},\"datePublished\":\"2024-11-22T14:19:23+00:00\",\"dateModified\":\"2025-04-30T08:41:24+00:00\",\"breadcrumb\":{\"@id\":\"https:\\\/\\\/aleasalut.com\\\/elementor-2380\\\/#breadcrumb\"},\"inLanguage\":\"es\",\"potentialAction\":[{\"@type\":\"ReadAction\",\"target\":[\"https:\\\/\\\/aleasalut.com\\\/elementor-2380\\\/\"]}]},{\"@type\":\"BreadcrumbList\",\"@id\":\"https:\\\/\\\/aleasalut.com\\\/elementor-2380\\\/#breadcrumb\",\"itemListElement\":[{\"@type\":\"ListItem\",\"position\":1,\"name\":\"Inici\",\"item\":\"https:\\\/\\\/aleasalut.com\\\/\"},{\"@type\":\"ListItem\",\"position\":2,\"name\":\"TREBALLA AMB NOSALRES!\"}]},{\"@type\":\"WebSite\",\"@id\":\"https:\\\/\\\/aleasalut.com\\\/#website\",\"url\":\"https:\\\/\\\/aleasalut.com\\\/\",\"name\":\"Alea\",\"description\":\"\",\"publisher\":{\"@id\":\"https:\\\/\\\/aleasalut.com\\\/#organization\"},\"potentialAction\":[{\"@type\":\"SearchAction\",\"target\":{\"@type\":\"EntryPoint\",\"urlTemplate\":\"https:\\\/\\\/aleasalut.com\\\/?s={search_term_string}\"},\"query-input\":{\"@type\":\"PropertyValueSpecification\",\"valueRequired\":true,\"valueName\":\"search_term_string\"}}],\"inLanguage\":\"es\"},{\"@type\":\"Organization\",\"@id\":\"https:\\\/\\\/aleasalut.com\\\/#organization\",\"name\":\"Alea\",\"url\":\"https:\\\/\\\/aleasalut.com\\\/\",\"logo\":{\"@type\":\"ImageObject\",\"inLanguage\":\"es\",\"@id\":\"https:\\\/\\\/aleasalut.com\\\/#\\\/schema\\\/logo\\\/image\\\/\",\"url\":\"https:\\\/\\\/aleasalut.com\\\/wp-content\\\/uploads\\\/2024\\\/07\\\/ALEA-B_logo_h.png\",\"contentUrl\":\"https:\\\/\\\/aleasalut.com\\\/wp-content\\\/uploads\\\/2024\\\/07\\\/ALEA-B_logo_h.png\",\"width\":707,\"height\":304,\"caption\":\"Alea\"},\"image\":{\"@id\":\"https:\\\/\\\/aleasalut.com\\\/#\\\/schema\\\/logo\\\/image\\\/\"}}]}<\/script>\n<!-- \/ Yoast SEO plugin. -->","yoast_head_json":{"title":"Treballa amb nosaltres! - Alea","robots":{"index":"index","follow":"follow","max-snippet":"max-snippet:-1","max-image-preview":"max-image-preview:large","max-video-preview":"max-video-preview:-1"},"canonical":"https:\/\/aleasalut.com\/es\/elementor-2380\/","og_locale":"es_ES","og_type":"article","og_title":"Treballa amb nosaltres! - Alea","og_description":"Inici \u00a1\u00daNETE AL EQUIPO DE ALEA! En Alea estamos en constante crecimiento y buscamos incorporar nuevos profesionales. Si eres un especialista en el \u00e1rea de la salud apasionado y te mantienes en continua formaci\u00f3n, \u00a1esta es tu oportunidad! Buscamos: Nutricionistas: profesionales orientados a la salud integral y el bienestar nutricional. Fisoterapeutas: comprometidos con el bienestar [&hellip;]","og_url":"https:\/\/aleasalut.com\/es\/elementor-2380\/","og_site_name":"Alea","article_modified_time":"2025-04-30T08:41:24+00:00","twitter_card":"summary_large_image","twitter_misc":{"Tiempo de lectura":"2 minutos"},"schema":{"@context":"https:\/\/schema.org","@graph":[{"@type":"WebPage","@id":"https:\/\/aleasalut.com\/elementor-2380\/","url":"https:\/\/aleasalut.com\/elementor-2380\/","name":"Treballa amb nosaltres! - Alea","isPartOf":{"@id":"https:\/\/aleasalut.com\/#website"},"datePublished":"2024-11-22T14:19:23+00:00","dateModified":"2025-04-30T08:41:24+00:00","breadcrumb":{"@id":"https:\/\/aleasalut.com\/elementor-2380\/#breadcrumb"},"inLanguage":"es","potentialAction":[{"@type":"ReadAction","target":["https:\/\/aleasalut.com\/elementor-2380\/"]}]},{"@type":"BreadcrumbList","@id":"https:\/\/aleasalut.com\/elementor-2380\/#breadcrumb","itemListElement":[{"@type":"ListItem","position":1,"name":"Inici","item":"https:\/\/aleasalut.com\/"},{"@type":"ListItem","position":2,"name":"TREBALLA AMB NOSALRES!"}]},{"@type":"WebSite","@id":"https:\/\/aleasalut.com\/#website","url":"https:\/\/aleasalut.com\/","name":"Alea","description":"","publisher":{"@id":"https:\/\/aleasalut.com\/#organization"},"potentialAction":[{"@type":"SearchAction","target":{"@type":"EntryPoint","urlTemplate":"https:\/\/aleasalut.com\/?s={search_term_string}"},"query-input":{"@type":"PropertyValueSpecification","valueRequired":true,"valueName":"search_term_string"}}],"inLanguage":"es"},{"@type":"Organization","@id":"https:\/\/aleasalut.com\/#organization","name":"Alea","url":"https:\/\/aleasalut.com\/","logo":{"@type":"ImageObject","inLanguage":"es","@id":"https:\/\/aleasalut.com\/#\/schema\/logo\/image\/","url":"https:\/\/aleasalut.com\/wp-content\/uploads\/2024\/07\/ALEA-B_logo_h.png","contentUrl":"https:\/\/aleasalut.com\/wp-content\/uploads\/2024\/07\/ALEA-B_logo_h.png","width":707,"height":304,"caption":"Alea"},"image":{"@id":"https:\/\/aleasalut.com\/#\/schema\/logo\/image\/"}}]}},"_links":{"self":[{"href":"https:\/\/aleasalut.com\/es\/wp-json\/wp\/v2\/pages\/2380","targetHints":{"allow":["GET"]}}],"collection":[{"href":"https:\/\/aleasalut.com\/es\/wp-json\/wp\/v2\/pages"}],"about":[{"href":"https:\/\/aleasalut.com\/es\/wp-json\/wp\/v2\/types\/page"}],"author":[{"embeddable":true,"href":"https:\/\/aleasalut.com\/es\/wp-json\/wp\/v2\/users\/4"}],"replies":[{"embeddable":true,"href":"https:\/\/aleasalut.com\/es\/wp-json\/wp\/v2\/comments?post=2380"}],"version-history":[{"count":10,"href":"https:\/\/aleasalut.com\/es\/wp-json\/wp\/v2\/pages\/2380\/revisions"}],"predecessor-version":[{"id":3587,"href":"https:\/\/aleasalut.com\/es\/wp-json\/wp\/v2\/pages\/2380\/revisions\/3587"}],"wp:attachment":[{"href":"https:\/\/aleasalut.com\/es\/wp-json\/wp\/v2\/media?parent=2380"}],"curies":[{"name":"wp","href":"https:\/\/api.w.org\/{rel}","templated":true}]}}