{"id":5333,"date":"2026-03-19T12:25:59","date_gmt":"2026-03-19T11:25:59","guid":{"rendered":"https:\/\/aleasalut.com\/?page_id=5333"},"modified":"2026-03-25T21:21:52","modified_gmt":"2026-03-25T20:21:52","slug":"la-dansa-del-guerrer","status":"publish","type":"page","link":"https:\/\/aleasalut.com\/es\/portfolio\/la-dansa-del-guerrer\/","title":{"rendered":"La dansa del guerrer"},"content":{"rendered":"<div data-elementor-type=\"wp-page\" data-elementor-id=\"5333\" class=\"elementor elementor-5333\" data-elementor-post-type=\"page\">\n\t\t\t\t<div class=\"elementor-element elementor-element-3c27b7f e-flex e-con-boxed e-con e-parent\" data-id=\"3c27b7f\" data-element_type=\"container\" data-e-type=\"container\" data-settings=\"{&quot;background_background&quot;:&quot;classic&quot;}\">\n\t\t\t\t\t<div class=\"e-con-inner\">\n\t\t\t\t<div class=\"elementor-element elementor-element-a319e94 elementor-widget elementor-widget-heading\" data-id=\"a319e94\" data-element_type=\"widget\" data-e-type=\"widget\" data-widget_type=\"heading.default\">\n\t\t\t\t<div class=\"elementor-widget-container\">\n\t\t\t\t\t<h3 class=\"elementor-heading-title elementor-size-default\"><a href=\"https:\/\/aleasalut.com\/es\/esdeveniments\/\">Eventos<\/a><\/h3>\t\t\t\t<\/div>\n\t\t\t\t<\/div>\n\t\t\t\t<div class=\"elementor-element elementor-element-dfa2fb6 elementor-widget elementor-widget-text-editor\" data-id=\"dfa2fb6\" data-element_type=\"widget\" data-e-type=\"widget\" data-widget_type=\"text-editor.default\">\n\t\t\t\t<div class=\"elementor-widget-container\">\n\t\t\t\t\t\t\t\t\t<h3 style=\"text-align: center;\" data-section-id=\"1506p9g\" data-start=\"116\" data-end=\"157\"><span role=\"text\"><strong data-start=\"123\" data-end=\"157\">La dansa del guerrer \u2013 S\u0101dhana<\/strong><\/span><\/h3><h3 style=\"text-align: center;\"><span style=\"font-family: Montserrat, sans-serif; font-weight: 400; font-size: 1rem;\">Una pr\u00e0ctica de moviment, respiraci\u00f3 i pres\u00e8ncia inspirada en l\u2019esperit del di\u00e0leg entre <\/span><span style=\"font-family: Montserrat, sans-serif; font-weight: 400; font-size: 1rem;\">Arjuna<\/span><span style=\"font-family: Montserrat, sans-serif; font-weight: 400; font-size: 1rem;\"> y <\/span><span style=\"font-family: Montserrat, sans-serif; font-weight: 400; font-size: 1rem;\">Krishna<\/span><span style=\"font-family: Montserrat, sans-serif; font-weight: 400; font-size: 1rem;\"> a la <\/span><span style=\"font-family: Montserrat, sans-serif; font-weight: 400; font-size: 1rem;\">Bhagavad Gita<\/span><span style=\"font-family: Montserrat, sans-serif; font-weight: 400; font-size: 1rem;\">.<\/span><span style=\"caret-color: #234a38;\">\u00a0<\/span><\/h3><h5 style=\"text-align: center;\">Preu: 15\u20ac \/ 12\u20ac per alumnes amb abonament actiu<\/h5><p style=\"text-align: center;\">Dia &#8211; 18 d&#8217;abril de 2026<\/p><p style=\"text-align: center;\">Hora &#8211; 09:30 a 11:00<\/p><p style=\"text-align: center;\">Lloc &#8211; ALEA. Pss. de la Sort, 34. TORREDEMBARRA<\/p>\t\t\t\t\t\t\t\t<\/div>\n\t\t\t\t<\/div>\n\t\t\t\t<div class=\"elementor-element elementor-element-a137cf1 elementor-align-justify elementor-widget__width-inherit elementor-widget elementor-widget-button\" data-id=\"a137cf1\" data-element_type=\"widget\" data-e-type=\"widget\" data-widget_type=\"button.default\">\n\t\t\t\t<div class=\"elementor-widget-container\">\n\t\t\t\t\t\t\t\t\t<div class=\"elementor-button-wrapper\">\n\t\t\t\t\t<a class=\"elementor-button elementor-button-link elementor-size-sm\" href=\"https:\/\/docs.google.com\/forms\/d\/e\/1FAIpQLSey9TW4GtUJzh5H23hxR9wdfuz9Z8lgog3Ha_pvUjgHzd8v0g\/viewform?usp=publish-editor\">\n\t\t\t\t\t\t<span class=\"elementor-button-content-wrapper\">\n\t\t\t\t\t\t\t\t\t<span class=\"elementor-button-text\">Reserva pla\u00e7a<\/span>\n\t\t\t\t\t<\/span>\n\t\t\t\t\t<\/a>\n\t\t\t\t<\/div>\n\t\t\t\t\t\t\t\t<\/div>\n\t\t\t\t<\/div>\n\t\t\t\t\t<\/div>\n\t\t\t\t<\/div>\n\t\t<div class=\"elementor-element elementor-element-4c95850 e-grid e-con-boxed e-con e-parent\" data-id=\"4c95850\" data-element_type=\"container\" data-e-type=\"container\" data-settings=\"{&quot;background_background&quot;:&quot;classic&quot;}\">\n\t\t\t\t\t<div class=\"e-con-inner\">\n\t\t<div class=\"elementor-element elementor-element-4a0466b e-grid e-con-full e-con e-child\" data-id=\"4a0466b\" data-element_type=\"container\" data-e-type=\"container\">\n\t\t\t\t<div class=\"elementor-element elementor-element-330ea00 elementor-widget elementor-widget-image\" data-id=\"330ea00\" data-element_type=\"widget\" data-e-type=\"widget\" data-widget_type=\"image.default\">\n\t\t\t\t<div class=\"elementor-widget-container\">\n\t\t\t\t\t\t\t\t\t\t\t\t\t\t\t<img fetchpriority=\"high\" decoding=\"async\" width=\"768\" height=\"1149\" src=\"https:\/\/aleasalut.com\/wp-content\/uploads\/2025\/10\/WhatsApp-Image-2025-10-14-at-13.17.07-2-768x1149.jpeg\" class=\"attachment-medium_large size-medium_large wp-image-4632\" alt=\"\" srcset=\"https:\/\/aleasalut.com\/wp-content\/uploads\/2025\/10\/WhatsApp-Image-2025-10-14-at-13.17.07-2-768x1149.jpeg 768w, https:\/\/aleasalut.com\/wp-content\/uploads\/2025\/10\/WhatsApp-Image-2025-10-14-at-13.17.07-2-200x300.jpeg 200w, https:\/\/aleasalut.com\/wp-content\/uploads\/2025\/10\/WhatsApp-Image-2025-10-14-at-13.17.07-2-684x1024.jpeg 684w, https:\/\/aleasalut.com\/wp-content\/uploads\/2025\/10\/WhatsApp-Image-2025-10-14-at-13.17.07-2-1027x1536.jpeg 1027w, https:\/\/aleasalut.com\/wp-content\/uploads\/2025\/10\/WhatsApp-Image-2025-10-14-at-13.17.07-2-8x12.jpeg 8w, https:\/\/aleasalut.com\/wp-content\/uploads\/2025\/10\/WhatsApp-Image-2025-10-14-at-13.17.07-2.jpeg 1080w\" sizes=\"(max-width: 768px) 100vw, 768px\" \/>\t\t\t\t\t\t\t\t\t\t\t\t\t\t\t<\/div>\n\t\t\t\t<\/div>\n\t\t\t\t<\/div>\n\t\t\t\t<div class=\"elementor-element elementor-element-cfa327a elementor-widget elementor-widget-text-editor\" data-id=\"cfa327a\" data-element_type=\"widget\" data-e-type=\"widget\" data-widget_type=\"text-editor.default\">\n\t\t\t\t<div class=\"elementor-widget-container\">\n\t\t\t\t\t\t\t\t\t<h3 style=\"text-align: center;\">Sobre la pr\u00e0ctica<\/h3><p style=\"text-align: center;\" data-start=\"406\" data-end=\"522\">Aquesta sessi\u00f3 es planteja com una s\u0101dhana: un espai de pr\u00e0ctica conscient orientat a la transformaci\u00f3 interior.<\/p><p style=\"text-align: center;\" data-start=\"524\" data-end=\"758\">No \u00e9s nom\u00e9s una seq\u00fc\u00e8ncia de moviment, sin\u00f3 un recorregut que integra cos, respiraci\u00f3 i atenci\u00f3 per explorar el guerrer interior: aquell que sent la por i la incertesa, per\u00f2 decideix actuar des de la claredat, la veritat i el cor.<\/p><p style=\"text-align: center;\" data-start=\"760\" data-end=\"863\">Un guerrer que no lluita des de la viol\u00e8ncia, sin\u00f3 des de la pres\u00e8ncia, la determinaci\u00f3 i la compassi\u00f3.<\/p><p style=\"text-align: center;\" data-section-id=\"19f00mw\" data-start=\"870\" data-end=\"900\">\u00a0<\/p><h3 style=\"text-align: center;\" data-section-id=\"19f00mw\" data-start=\"870\" data-end=\"900\"><span role=\"text\">El cam\u00ed del guerrer<\/span><\/h3><p style=\"text-align: center;\" data-start=\"902\" data-end=\"1058\">Inspirada en el moment en qu\u00e8 Arjuna dubta abans de la batalla i Krishna l\u2019invita a actuar des de la consci\u00e8ncia, aquesta pr\u00e0ctica proposa un viatge intern:<\/p><p style=\"text-align: center;\" data-start=\"902\" data-end=\"1058\"><span style=\"background-color: transparent;\">&#8211; de la confusi\u00f3 a la claredat<\/span><\/p><p style=\"text-align: center;\" data-start=\"902\" data-end=\"1058\"><span style=\"background-color: transparent;\">&#8211; de la resist\u00e8ncia a la pres\u00e8ncia<\/span><\/p><p style=\"text-align: center;\" data-start=\"902\" data-end=\"1058\"><span style=\"background-color: transparent;\">&#8211; de la por a l\u2019acci\u00f3 conscient<\/span><\/p><p style=\"text-align: center;\" data-start=\"902\" data-end=\"1058\">\u00a0<\/p><h3 style=\"text-align: center;\" data-section-id=\"1vc8z9g\" data-start=\"1170\" data-end=\"1204\"><span role=\"text\">\u00a0<\/span><span role=\"text\">Estructura de la sessi\u00f3<\/span><\/h3><p style=\"text-align: center;\" data-start=\"1206\" data-end=\"1251\">La s\u0101dhana es desplega de manera progressiva:<\/p><ul><li style=\"text-align: left;\">Intenci\u00f3 inicial inspirada en la Bhagavad Gita<\/li><li style=\"text-align: left;\">Preparaci\u00f3 corporal amb postures est\u00e0tiques i arrelament<\/li><li style=\"text-align: left;\">Vinyasa per despertar el flux i la coordinaci\u00f3<\/li><li style=\"text-align: left;\">Seq\u00fc\u00e8ncia repetitiva de Virabhadrasana (postures del guerrer) per activar for\u00e7a, direcci\u00f3 i pres\u00e8ncia<\/li><li style=\"text-align: left;\">Contra-postures i integraci\u00f3<\/li><li style=\"text-align: left;\">Pranayama (respiraci\u00f3 conscient)<\/li><li style=\"text-align: left;\">Savasana (relaxaci\u00f3 profunda)<\/li><li style=\"text-align: left;\">Recitaci\u00f3 de mantra<\/li><\/ul><p style=\"text-align: center;\">\u00a0<\/p><p style=\"text-align: center;\">\u00a0<\/p><h3 style=\"text-align: center;\" data-section-id=\"dtnipw\" data-start=\"1711\" data-end=\"1746\"><span role=\"text\">El treball amb el mantra<\/span><\/h3><p style=\"text-align: center;\" data-start=\"1748\" data-end=\"1802\">La pr\u00e0ctica s\u2019acompanya de la vibraci\u00f3 de dos mantras:<\/p><ul><li style=\"text-align: left;\" data-start=\"1748\" data-end=\"1802\"><span style=\"text-decoration: underline;\">Om Namah Shivaya<\/span> \u2013 <span style=\"background-color: transparent;\">associat a <\/span><span style=\"background-color: transparent;\">Shiva<\/span><span style=\"background-color: transparent;\">, connecta amb la transformaci\u00f3, la for\u00e7a interior i la veritat essencial<\/span><\/li><li style=\"text-align: left;\" data-start=\"1748\" data-end=\"1802\"><span style=\"text-decoration: underline;\">Maha mantra<\/span> \u2013 <span style=\"background-color: transparent;\">vinculat a <\/span><span style=\"background-color: transparent;\">Krishna<\/span><span style=\"background-color: transparent;\">, obre l\u2019espai del cor, la devoci\u00f3 i la compassi\u00f3<\/span><\/li><\/ul><p style=\"text-align: center;\">\u00a0Aix\u00ed, la pr\u00e0ctica tra\u00e7a un arc que va de la determinaci\u00f3 a l\u2019obertura, de l\u2019acci\u00f3 a la integraci\u00f3.<\/p><p style=\"text-align: center;\" data-start=\"2130\" data-end=\"2228\">\u00a0<\/p><h3 style=\"text-align: center;\" data-section-id=\"1ey5jwn\" data-start=\"2235\" data-end=\"2274\"><span role=\"text\">Per a qui \u00e9s aquesta pr\u00e0ctica<\/span><\/h3><p style=\"text-align: center;\" data-start=\"2276\" data-end=\"2311\">Per a tothom.<\/p><p style=\"text-align: center;\" data-start=\"2518\" data-end=\"2601\">No \u00e9s necessari tenir experi\u00e8ncia pr\u00e8via, nom\u00e9s disposici\u00f3 a escoltar i a explorar.<\/p><p style=\"text-align: center;\" data-start=\"2518\" data-end=\"2601\">\u00a0<\/p><h3 style=\"text-align: center;\" data-start=\"2518\" data-end=\"2601\"><strong>Intenci\u00f3<\/strong><\/h3><blockquote data-start=\"2629\" data-end=\"2730\"><p data-start=\"2631\" data-end=\"2730\"><em>Actuar amb claredat, sostenir la pres\u00e8ncia i caminar amb veritat \u2014 des de la for\u00e7a i des del cor.<\/em><\/p><\/blockquote>\t\t\t\t\t\t\t\t<\/div>\n\t\t\t\t<\/div>\n\t\t\t\t<div class=\"elementor-element elementor-element-5e6be10 elementor-align-justify elementor-widget__width-inherit elementor-widget elementor-widget-button\" data-id=\"5e6be10\" data-element_type=\"widget\" data-e-type=\"widget\" data-widget_type=\"button.default\">\n\t\t\t\t<div class=\"elementor-widget-container\">\n\t\t\t\t\t\t\t\t\t<div class=\"elementor-button-wrapper\">\n\t\t\t\t\t<a class=\"elementor-button elementor-button-link elementor-size-sm\" href=\"https:\/\/docs.google.com\/forms\/d\/e\/1FAIpQLSey9TW4GtUJzh5H23hxR9wdfuz9Z8lgog3Ha_pvUjgHzd8v0g\/viewform?usp=publish-editor\">\n\t\t\t\t\t\t<span class=\"elementor-button-content-wrapper\">\n\t\t\t\t\t\t\t\t\t<span class=\"elementor-button-text\">Reserva pla\u00e7a<\/span>\n\t\t\t\t\t<\/span>\n\t\t\t\t\t<\/a>\n\t\t\t\t<\/div>\n\t\t\t\t\t\t\t\t<\/div>\n\t\t\t\t<\/div>\n\t\t\t\t\t<\/div>\n\t\t\t\t<\/div>\n\t\t\t\t<\/div>","protected":false},"excerpt":{"rendered":"<p>Esdeveniments La dansa del guerrer \u2013 S\u0101dhana Una pr\u00e0ctica de moviment, respiraci\u00f3 i pres\u00e8ncia inspirada en l\u2019esperit del di\u00e0leg entre Arjuna i Krishna a la Bhagavad Gita.\u00a0 Preu: 15\u20ac \/ 12\u20ac per alumnes amb abonament actiu Dia &#8211; 18 d&#8217;abril de 2026 Hora &#8211; 09:30 a 11:00 Lloc &#8211; ALEA. Pss. de la Sort, 34. [&hellip;]<\/p>\n","protected":false},"author":4,"featured_media":0,"parent":5108,"menu_order":0,"comment_status":"closed","ping_status":"closed","template":"","meta":{"_acf_changed":false,"footnotes":""},"class_list":["post-5333","page","type-page","status-publish","hentry"],"acf":[],"yoast_head":"<!-- This site is optimized with the Yoast SEO plugin v27.3 - https:\/\/yoast.com\/product\/yoast-seo-wordpress\/ -->\n<title>La dansa del guerrer - Alea<\/title>\n<meta name=\"robots\" content=\"index, follow, max-snippet:-1, max-image-preview:large, max-video-preview:-1\" \/>\n<link rel=\"canonical\" href=\"https:\/\/aleasalut.com\/es\/portfolio\/la-dansa-del-guerrer\/\" \/>\n<meta property=\"og:locale\" content=\"es_ES\" \/>\n<meta property=\"og:type\" content=\"article\" \/>\n<meta property=\"og:title\" content=\"La dansa del guerrer - Alea\" \/>\n<meta property=\"og:description\" content=\"Esdeveniments La dansa del guerrer \u2013 S\u0101dhana Una pr\u00e0ctica de moviment, respiraci\u00f3 i pres\u00e8ncia inspirada en l\u2019esperit del di\u00e0leg entre Arjuna i Krishna a la Bhagavad Gita.\u00a0 Preu: 15\u20ac \/ 12\u20ac per alumnes amb abonament actiu Dia &#8211; 18 d&#8217;abril de 2026 Hora &#8211; 09:30 a 11:00 Lloc &#8211; ALEA. Pss. de la Sort, 34. [&hellip;]\" \/>\n<meta property=\"og:url\" content=\"https:\/\/aleasalut.com\/es\/portfolio\/la-dansa-del-guerrer\/\" \/>\n<meta property=\"og:site_name\" content=\"Alea\" \/>\n<meta property=\"article:modified_time\" content=\"2026-03-25T20:21:52+00:00\" \/>\n<meta property=\"og:image\" content=\"https:\/\/aleasalut.com\/wp-content\/uploads\/2025\/10\/WhatsApp-Image-2025-10-14-at-13.17.07-2.jpeg\" \/>\n\t<meta property=\"og:image:width\" content=\"1080\" \/>\n\t<meta property=\"og:image:height\" content=\"1616\" \/>\n\t<meta property=\"og:image:type\" content=\"image\/jpeg\" \/>\n<meta name=\"twitter:card\" content=\"summary_large_image\" \/>\n<meta name=\"twitter:label1\" content=\"Tiempo de lectura\" \/>\n\t<meta name=\"twitter:data1\" content=\"2 minutos\" \/>\n<script type=\"application\/ld+json\" class=\"yoast-schema-graph\">{\"@context\":\"https:\\\/\\\/schema.org\",\"@graph\":[{\"@type\":\"WebPage\",\"@id\":\"https:\\\/\\\/aleasalut.com\\\/portfolio\\\/la-dansa-del-guerrer\\\/\",\"url\":\"https:\\\/\\\/aleasalut.com\\\/portfolio\\\/la-dansa-del-guerrer\\\/\",\"name\":\"La dansa del guerrer - Alea\",\"isPartOf\":{\"@id\":\"https:\\\/\\\/aleasalut.com\\\/#website\"},\"primaryImageOfPage\":{\"@id\":\"https:\\\/\\\/aleasalut.com\\\/portfolio\\\/la-dansa-del-guerrer\\\/#primaryimage\"},\"image\":{\"@id\":\"https:\\\/\\\/aleasalut.com\\\/portfolio\\\/la-dansa-del-guerrer\\\/#primaryimage\"},\"thumbnailUrl\":\"https:\\\/\\\/aleasalut.com\\\/wp-content\\\/uploads\\\/2025\\\/10\\\/WhatsApp-Image-2025-10-14-at-13.17.07-2-768x1149.jpeg\",\"datePublished\":\"2026-03-19T11:25:59+00:00\",\"dateModified\":\"2026-03-25T20:21:52+00:00\",\"breadcrumb\":{\"@id\":\"https:\\\/\\\/aleasalut.com\\\/portfolio\\\/la-dansa-del-guerrer\\\/#breadcrumb\"},\"inLanguage\":\"es\",\"potentialAction\":[{\"@type\":\"ReadAction\",\"target\":[\"https:\\\/\\\/aleasalut.com\\\/portfolio\\\/la-dansa-del-guerrer\\\/\"]}]},{\"@type\":\"ImageObject\",\"inLanguage\":\"es\",\"@id\":\"https:\\\/\\\/aleasalut.com\\\/portfolio\\\/la-dansa-del-guerrer\\\/#primaryimage\",\"url\":\"https:\\\/\\\/aleasalut.com\\\/wp-content\\\/uploads\\\/2025\\\/10\\\/WhatsApp-Image-2025-10-14-at-13.17.07-2-768x1149.jpeg\",\"contentUrl\":\"https:\\\/\\\/aleasalut.com\\\/wp-content\\\/uploads\\\/2025\\\/10\\\/WhatsApp-Image-2025-10-14-at-13.17.07-2-768x1149.jpeg\"},{\"@type\":\"BreadcrumbList\",\"@id\":\"https:\\\/\\\/aleasalut.com\\\/portfolio\\\/la-dansa-del-guerrer\\\/#breadcrumb\",\"itemListElement\":[{\"@type\":\"ListItem\",\"position\":1,\"name\":\"Inici\",\"item\":\"https:\\\/\\\/aleasalut.com\\\/\"},{\"@type\":\"ListItem\",\"position\":2,\"name\":\"Portfolio\",\"item\":\"https:\\\/\\\/aleasalut.com\\\/portfolio\\\/\"},{\"@type\":\"ListItem\",\"position\":3,\"name\":\"La dansa del guerrer\"}]},{\"@type\":\"WebSite\",\"@id\":\"https:\\\/\\\/aleasalut.com\\\/#website\",\"url\":\"https:\\\/\\\/aleasalut.com\\\/\",\"name\":\"Alea\",\"description\":\"\",\"publisher\":{\"@id\":\"https:\\\/\\\/aleasalut.com\\\/#organization\"},\"potentialAction\":[{\"@type\":\"SearchAction\",\"target\":{\"@type\":\"EntryPoint\",\"urlTemplate\":\"https:\\\/\\\/aleasalut.com\\\/?s={search_term_string}\"},\"query-input\":{\"@type\":\"PropertyValueSpecification\",\"valueRequired\":true,\"valueName\":\"search_term_string\"}}],\"inLanguage\":\"es\"},{\"@type\":\"Organization\",\"@id\":\"https:\\\/\\\/aleasalut.com\\\/#organization\",\"name\":\"Alea\",\"url\":\"https:\\\/\\\/aleasalut.com\\\/\",\"logo\":{\"@type\":\"ImageObject\",\"inLanguage\":\"es\",\"@id\":\"https:\\\/\\\/aleasalut.com\\\/#\\\/schema\\\/logo\\\/image\\\/\",\"url\":\"https:\\\/\\\/aleasalut.com\\\/wp-content\\\/uploads\\\/2024\\\/07\\\/ALEA-B_logo_h.png\",\"contentUrl\":\"https:\\\/\\\/aleasalut.com\\\/wp-content\\\/uploads\\\/2024\\\/07\\\/ALEA-B_logo_h.png\",\"width\":707,\"height\":304,\"caption\":\"Alea\"},\"image\":{\"@id\":\"https:\\\/\\\/aleasalut.com\\\/#\\\/schema\\\/logo\\\/image\\\/\"}}]}<\/script>\n<!-- \/ Yoast SEO plugin. -->","yoast_head_json":{"title":"La dansa del guerrer - Alea","robots":{"index":"index","follow":"follow","max-snippet":"max-snippet:-1","max-image-preview":"max-image-preview:large","max-video-preview":"max-video-preview:-1"},"canonical":"https:\/\/aleasalut.com\/es\/portfolio\/la-dansa-del-guerrer\/","og_locale":"es_ES","og_type":"article","og_title":"La dansa del guerrer - Alea","og_description":"Esdeveniments La dansa del guerrer \u2013 S\u0101dhana Una pr\u00e0ctica de moviment, respiraci\u00f3 i pres\u00e8ncia inspirada en l\u2019esperit del di\u00e0leg entre Arjuna i Krishna a la Bhagavad Gita.\u00a0 Preu: 15\u20ac \/ 12\u20ac per alumnes amb abonament actiu Dia &#8211; 18 d&#8217;abril de 2026 Hora &#8211; 09:30 a 11:00 Lloc &#8211; ALEA. Pss. de la Sort, 34. [&hellip;]","og_url":"https:\/\/aleasalut.com\/es\/portfolio\/la-dansa-del-guerrer\/","og_site_name":"Alea","article_modified_time":"2026-03-25T20:21:52+00:00","og_image":[{"width":1080,"height":1616,"url":"https:\/\/aleasalut.com\/wp-content\/uploads\/2025\/10\/WhatsApp-Image-2025-10-14-at-13.17.07-2.jpeg","type":"image\/jpeg"}],"twitter_card":"summary_large_image","twitter_misc":{"Tiempo de lectura":"2 minutos"},"schema":{"@context":"https:\/\/schema.org","@graph":[{"@type":"WebPage","@id":"https:\/\/aleasalut.com\/portfolio\/la-dansa-del-guerrer\/","url":"https:\/\/aleasalut.com\/portfolio\/la-dansa-del-guerrer\/","name":"La dansa del guerrer - Alea","isPartOf":{"@id":"https:\/\/aleasalut.com\/#website"},"primaryImageOfPage":{"@id":"https:\/\/aleasalut.com\/portfolio\/la-dansa-del-guerrer\/#primaryimage"},"image":{"@id":"https:\/\/aleasalut.com\/portfolio\/la-dansa-del-guerrer\/#primaryimage"},"thumbnailUrl":"https:\/\/aleasalut.com\/wp-content\/uploads\/2025\/10\/WhatsApp-Image-2025-10-14-at-13.17.07-2-768x1149.jpeg","datePublished":"2026-03-19T11:25:59+00:00","dateModified":"2026-03-25T20:21:52+00:00","breadcrumb":{"@id":"https:\/\/aleasalut.com\/portfolio\/la-dansa-del-guerrer\/#breadcrumb"},"inLanguage":"es","potentialAction":[{"@type":"ReadAction","target":["https:\/\/aleasalut.com\/portfolio\/la-dansa-del-guerrer\/"]}]},{"@type":"ImageObject","inLanguage":"es","@id":"https:\/\/aleasalut.com\/portfolio\/la-dansa-del-guerrer\/#primaryimage","url":"https:\/\/aleasalut.com\/wp-content\/uploads\/2025\/10\/WhatsApp-Image-2025-10-14-at-13.17.07-2-768x1149.jpeg","contentUrl":"https:\/\/aleasalut.com\/wp-content\/uploads\/2025\/10\/WhatsApp-Image-2025-10-14-at-13.17.07-2-768x1149.jpeg"},{"@type":"BreadcrumbList","@id":"https:\/\/aleasalut.com\/portfolio\/la-dansa-del-guerrer\/#breadcrumb","itemListElement":[{"@type":"ListItem","position":1,"name":"Inici","item":"https:\/\/aleasalut.com\/"},{"@type":"ListItem","position":2,"name":"Portfolio","item":"https:\/\/aleasalut.com\/portfolio\/"},{"@type":"ListItem","position":3,"name":"La dansa del guerrer"}]},{"@type":"WebSite","@id":"https:\/\/aleasalut.com\/#website","url":"https:\/\/aleasalut.com\/","name":"Alea","description":"","publisher":{"@id":"https:\/\/aleasalut.com\/#organization"},"potentialAction":[{"@type":"SearchAction","target":{"@type":"EntryPoint","urlTemplate":"https:\/\/aleasalut.com\/?s={search_term_string}"},"query-input":{"@type":"PropertyValueSpecification","valueRequired":true,"valueName":"search_term_string"}}],"inLanguage":"es"},{"@type":"Organization","@id":"https:\/\/aleasalut.com\/#organization","name":"Alea","url":"https:\/\/aleasalut.com\/","logo":{"@type":"ImageObject","inLanguage":"es","@id":"https:\/\/aleasalut.com\/#\/schema\/logo\/image\/","url":"https:\/\/aleasalut.com\/wp-content\/uploads\/2024\/07\/ALEA-B_logo_h.png","contentUrl":"https:\/\/aleasalut.com\/wp-content\/uploads\/2024\/07\/ALEA-B_logo_h.png","width":707,"height":304,"caption":"Alea"},"image":{"@id":"https:\/\/aleasalut.com\/#\/schema\/logo\/image\/"}}]}},"_links":{"self":[{"href":"https:\/\/aleasalut.com\/es\/wp-json\/wp\/v2\/pages\/5333","targetHints":{"allow":["GET"]}}],"collection":[{"href":"https:\/\/aleasalut.com\/es\/wp-json\/wp\/v2\/pages"}],"about":[{"href":"https:\/\/aleasalut.com\/es\/wp-json\/wp\/v2\/types\/page"}],"author":[{"embeddable":true,"href":"https:\/\/aleasalut.com\/es\/wp-json\/wp\/v2\/users\/4"}],"replies":[{"embeddable":true,"href":"https:\/\/aleasalut.com\/es\/wp-json\/wp\/v2\/comments?post=5333"}],"version-history":[{"count":26,"href":"https:\/\/aleasalut.com\/es\/wp-json\/wp\/v2\/pages\/5333\/revisions"}],"predecessor-version":[{"id":5415,"href":"https:\/\/aleasalut.com\/es\/wp-json\/wp\/v2\/pages\/5333\/revisions\/5415"}],"up":[{"embeddable":true,"href":"https:\/\/aleasalut.com\/es\/wp-json\/wp\/v2\/pages\/5108"}],"wp:attachment":[{"href":"https:\/\/aleasalut.com\/es\/wp-json\/wp\/v2\/media?parent=5333"}],"curies":[{"name":"wp","href":"https:\/\/api.w.org\/{rel}","templated":true}]}}