{"id":5364,"date":"2026-03-19T13:10:02","date_gmt":"2026-03-19T12:10:02","guid":{"rendered":"https:\/\/aleasalut.com\/?page_id=5364"},"modified":"2026-03-19T13:16:06","modified_gmt":"2026-03-19T12:16:06","slug":"taller-intensiu-pni","status":"publish","type":"page","link":"https:\/\/aleasalut.com\/es\/portfolio\/taller-intensiu-pni\/","title":{"rendered":"Taller intensiu PNI"},"content":{"rendered":"<div data-elementor-type=\"wp-page\" data-elementor-id=\"5364\" class=\"elementor elementor-5364\" data-elementor-post-type=\"page\">\n\t\t\t\t<div class=\"elementor-element elementor-element-3c27b7f e-flex e-con-boxed e-con e-parent\" data-id=\"3c27b7f\" data-element_type=\"container\" data-e-type=\"container\" data-settings=\"{&quot;background_background&quot;:&quot;classic&quot;}\">\n\t\t\t\t\t<div class=\"e-con-inner\">\n\t\t\t\t<div class=\"elementor-element elementor-element-a319e94 elementor-widget elementor-widget-heading\" data-id=\"a319e94\" data-element_type=\"widget\" data-e-type=\"widget\" data-widget_type=\"heading.default\">\n\t\t\t\t<div class=\"elementor-widget-container\">\n\t\t\t\t\t<h3 class=\"elementor-heading-title elementor-size-default\"><a href=\"https:\/\/aleasalut.com\/es\/esdeveniments\/\">Eventos<\/a><\/h3>\t\t\t\t<\/div>\n\t\t\t\t<\/div>\n\t\t\t\t\t<\/div>\n\t\t\t\t<\/div>\n\t\t<div class=\"elementor-element elementor-element-4c95850 e-grid e-con-boxed e-con e-parent\" data-id=\"4c95850\" data-element_type=\"container\" data-e-type=\"container\" data-settings=\"{&quot;background_background&quot;:&quot;classic&quot;}\">\n\t\t\t\t\t<div class=\"e-con-inner\">\n\t\t\t\t<div class=\"elementor-element elementor-element-330ea00 elementor-widget elementor-widget-image\" data-id=\"330ea00\" data-element_type=\"widget\" data-e-type=\"widget\" data-widget_type=\"image.default\">\n\t\t\t\t<div class=\"elementor-widget-container\">\n\t\t\t\t\t\t\t\t\t\t\t\t\t\t\t<img fetchpriority=\"high\" decoding=\"async\" width=\"768\" height=\"1086\" src=\"https:\/\/aleasalut.com\/wp-content\/uploads\/2026\/03\/INFORMACIO-INSCRIPCIONS-info@aleasalut.com-Pss.-de-la-Sort34-TORREDEMBARRA-768x1086.jpg\" class=\"attachment-medium_large size-medium_large wp-image-5366\" alt=\"\" srcset=\"https:\/\/aleasalut.com\/wp-content\/uploads\/2026\/03\/INFORMACIO-INSCRIPCIONS-info@aleasalut.com-Pss.-de-la-Sort34-TORREDEMBARRA-768x1086.jpg 768w, https:\/\/aleasalut.com\/wp-content\/uploads\/2026\/03\/INFORMACIO-INSCRIPCIONS-info@aleasalut.com-Pss.-de-la-Sort34-TORREDEMBARRA-212x300.jpg 212w, https:\/\/aleasalut.com\/wp-content\/uploads\/2026\/03\/INFORMACIO-INSCRIPCIONS-info@aleasalut.com-Pss.-de-la-Sort34-TORREDEMBARRA-724x1024.jpg 724w, https:\/\/aleasalut.com\/wp-content\/uploads\/2026\/03\/INFORMACIO-INSCRIPCIONS-info@aleasalut.com-Pss.-de-la-Sort34-TORREDEMBARRA-1086x1536.jpg 1086w, https:\/\/aleasalut.com\/wp-content\/uploads\/2026\/03\/INFORMACIO-INSCRIPCIONS-info@aleasalut.com-Pss.-de-la-Sort34-TORREDEMBARRA-8x12.jpg 8w, https:\/\/aleasalut.com\/wp-content\/uploads\/2026\/03\/INFORMACIO-INSCRIPCIONS-info@aleasalut.com-Pss.-de-la-Sort34-TORREDEMBARRA.jpg 1414w\" sizes=\"(max-width: 768px) 100vw, 768px\" \/>\t\t\t\t\t\t\t\t\t\t\t\t\t\t\t<\/div>\n\t\t\t\t<\/div>\n\t\t<div class=\"elementor-element elementor-element-4a0466b e-grid e-con-full e-con e-child\" data-id=\"4a0466b\" data-element_type=\"container\" data-e-type=\"container\">\n\t\t\t\t<div class=\"elementor-element elementor-element-cfa327a elementor-widget elementor-widget-text-editor\" data-id=\"cfa327a\" data-element_type=\"widget\" data-e-type=\"widget\" data-widget_type=\"text-editor.default\">\n\t\t\t\t<div class=\"elementor-widget-container\">\n\t\t\t\t\t\t\t\t\t<h3><span class=\"a_GcMg font-feature-liga-off font-feature-clig-off font-feature-calt-off text-decoration-none text-strikethrough-none\">EINES PR\u00c0CTIQUES PER CUIDAR-TE DE MANERA SENZILLA<\/span><\/h3>\n<p class=\"cvGsUA direction-ltr align-start para-style-body\"><span class=\"a_GcMg font-feature-liga-off font-feature-clig-off font-feature-calt-off text-decoration-none text-strikethrough-none\">Intensiu del mes d\u2019Abril a Alea.<\/span><\/p>\n<p class=\"cvGsUA direction-ltr align-start para-style-body\"><span class=\"a_GcMg font-feature-liga-off font-feature-clig-off font-feature-calt-off text-decoration-none text-strikethrough-none\">Un espai pr\u00e0ctic i transformador per incorporar h\u00e0bits senzills que t\u2019ajudin a recuperar i mantenir la salut en el teu dia a dia.<\/span><\/p>\n<p class=\"cvGsUA direction-ltr align-start para-style-body\"><span class=\"a_GcMg font-feature-liga-off font-feature-clig-off font-feature-calt-off text-decoration-none text-strikethrough-none\">Aquest intensiu est\u00e0 pensat per a totes aquelles persones que volen cuidar-se de manera realista, aplicable i sostenible.<\/span><\/p>\n<p class=\"cvGsUA direction-ltr align-start para-style-body\"><span class=\"a_GcMg font-feature-liga-off font-feature-clig-off font-feature-calt-off text-decoration-none text-strikethrough-none\">Inclou un quadernet amb tota la informaci\u00f3 perqu\u00e8 puguis consultar-la sempre que vulguis i posar en pr\u00e0ctica les eines treballades.<\/span><\/p>\n<p class=\"cvGsUA direction-ltr align-start para-style-body\">\u00a0<\/p>\n<p class=\"cvGsUA direction-ltr align-start para-style-body\"><strong><span class=\"a_GcMg font-feature-liga-off font-feature-clig-off font-feature-calt-off text-decoration-none text-strikethrough-none\">PROGRAMA DE LES SESSIONS<\/span><\/strong><\/p>\n<p class=\"cvGsUA direction-ltr align-start para-style-body\">\u00a0<\/p>\n<p class=\"cvGsUA direction-ltr align-start para-style-body\"><span class=\"a_GcMg font-feature-liga-off font-feature-clig-off font-feature-calt-off text-decoration-none text-strikethrough-none\">Principis b\u00e0sics per adoptar un estil de vida saludable (10 d\u2019Abril)<\/span><\/p>\n<p class=\"cvGsUA direction-ltr align-start para-style-body\"><span class=\"a_GcMg font-feature-liga-off font-feature-clig-off font-feature-calt-off text-decoration-none text-strikethrough-none\">\u2022 Bases per entendre qu\u00e8 necessita el teu cos<\/span><\/p>\n<p class=\"cvGsUA direction-ltr align-start para-style-body\"><span class=\"a_GcMg font-feature-liga-off font-feature-clig-off font-feature-calt-off text-decoration-none text-strikethrough-none\">\u2022 Alimentaci\u00f3, descans i moviment<\/span><\/p>\n<p class=\"cvGsUA direction-ltr align-start para-style-body\"><span class=\"a_GcMg font-feature-liga-off font-feature-clig-off font-feature-calt-off text-decoration-none text-strikethrough-none\">\u2022 Com comen\u00e7ar sense aclaparar-te<\/span><\/p>\n<p class=\"cvGsUA direction-ltr align-start para-style-body\">\u00a0<\/p>\n<p class=\"cvGsUA direction-ltr align-start para-style-body\"><span class=\"a_GcMg font-feature-liga-off font-feature-clig-off font-feature-calt-off text-decoration-none text-strikethrough-none\">H\u00e0bits per dur a terme (17 d\u2019Abril)<\/span><\/p>\n<p class=\"cvGsUA direction-ltr align-start para-style-body\"><span class=\"a_GcMg font-feature-liga-off font-feature-clig-off font-feature-calt-off text-decoration-none text-strikethrough-none\">\u2022 Com crear h\u00e0bits que perdurin<\/span><\/p>\n<p class=\"cvGsUA direction-ltr align-start para-style-body\"><span class=\"a_GcMg font-feature-liga-off font-feature-clig-off font-feature-calt-off text-decoration-none text-strikethrough-none\">\u2022 Organitzaci\u00f3 i const\u00e0ncia<\/span><\/p>\n<p class=\"cvGsUA direction-ltr align-start para-style-body\"><span class=\"a_GcMg font-feature-liga-off font-feature-clig-off font-feature-calt-off text-decoration-none text-strikethrough-none\">\u2022 Petits canvis amb gran impacte<\/span><\/p>\n<p class=\"cvGsUA direction-ltr align-start para-style-body\">\u00a0<\/p>\n<p class=\"cvGsUA direction-ltr align-start para-style-body\"><span class=\"a_GcMg font-feature-liga-off font-feature-clig-off font-feature-calt-off text-decoration-none text-strikethrough-none\">Integraci\u00f3 i manteniment dels nous h\u00e0bits (24 D\u2019Abril)<\/span><\/p>\n<p class=\"cvGsUA direction-ltr align-start para-style-body\"><span class=\"a_GcMg font-feature-liga-off font-feature-clig-off font-feature-calt-off text-decoration-none text-strikethrough-none\">\u2022 Com sostenir els canvis amb el temps<\/span><\/p>\n<p class=\"cvGsUA direction-ltr align-start para-style-body\"><span class=\"a_GcMg font-feature-liga-off font-feature-clig-off font-feature-calt-off text-decoration-none text-strikethrough-none\">\u2022 Estrat\u00e8gies per evitar recaigudes<\/span><\/p>\n<p class=\"cvGsUA direction-ltr align-start para-style-body\"><span class=\"a_GcMg font-feature-liga-off font-feature-clig-off font-feature-calt-off text-decoration-none text-strikethrough-none\">\u2022 Pla d\u2019acci\u00f3 personalitzat<\/span><\/p>\n<p class=\"cvGsUA direction-ltr align-start para-style-body\">\u00a0<\/p>\n<p class=\"cvGsUA direction-ltr align-start para-style-body\"><span class=\"a_GcMg font-feature-liga-off font-feature-clig-off font-feature-calt-off text-decoration-none text-strikethrough-none\">Taller impartit per Genoveva P. Godall, infermera especialitzada en PNI<\/span><\/p>\n<h5>\u00a0<\/h5>\n<h5 style=\"text-align: center;\">Preu: 50\u20ac \/ 45\u20ac per alumnes amb abonament actiu o pacients<\/h5>\n<p>Dies &#8211; 10 \/ 17 \/ 24 d&#8217;abril de 2026<\/p>\n<p>Hora &#8211; 08:30 a 20:00<\/p>\n<p>Lloc &#8211; Pss. de la Sort, 34. TORREDEMBARRA<\/p>\t\t\t\t\t\t\t\t<\/div>\n\t\t\t\t<\/div>\n\t\t\t\t<\/div>\n\t\t\t\t\t<\/div>\n\t\t\t\t<\/div>\n\t\t<div class=\"elementor-element elementor-element-59cad5b e-con-full e-flex e-con e-parent\" data-id=\"59cad5b\" data-element_type=\"container\" data-e-type=\"container\" data-settings=\"{&quot;background_background&quot;:&quot;classic&quot;}\">\n\t\t\t\t<div class=\"elementor-element elementor-element-a137cf1 elementor-align-justify elementor-widget__width-inherit elementor-widget elementor-widget-button\" data-id=\"a137cf1\" data-element_type=\"widget\" data-e-type=\"widget\" data-widget_type=\"button.default\">\n\t\t\t\t<div class=\"elementor-widget-container\">\n\t\t\t\t\t\t\t\t\t<div class=\"elementor-button-wrapper\">\n\t\t\t\t\t<a class=\"elementor-button elementor-button-link elementor-size-sm\" href=\"mailto:info@aleasalut.com?subject=Taller%20intensiu%20PNI\">\n\t\t\t\t\t\t<span class=\"elementor-button-content-wrapper\">\n\t\t\t\t\t\t\t\t\t<span class=\"elementor-button-text\">inscripcions<\/span>\n\t\t\t\t\t<\/span>\n\t\t\t\t\t<\/a>\n\t\t\t\t<\/div>\n\t\t\t\t\t\t\t\t<\/div>\n\t\t\t\t<\/div>\n\t\t\t\t<\/div>\n\t\t\t\t<\/div>","protected":false},"excerpt":{"rendered":"<p>Esdeveniments EINES PR\u00c0CTIQUES PER CUIDAR-TE DE MANERA SENZILLA Intensiu del mes d\u2019Abril a Alea. Un espai pr\u00e0ctic i transformador per incorporar h\u00e0bits senzills que t\u2019ajudin a recuperar i mantenir la salut en el teu dia a dia. Aquest intensiu est\u00e0 pensat per a totes aquelles persones que volen cuidar-se de manera realista, aplicable i sostenible. [&hellip;]<\/p>\n","protected":false},"author":4,"featured_media":0,"parent":5108,"menu_order":0,"comment_status":"closed","ping_status":"closed","template":"","meta":{"_acf_changed":false,"footnotes":""},"class_list":["post-5364","page","type-page","status-publish","hentry"],"acf":[],"yoast_head":"<!-- This site is optimized with the Yoast SEO plugin v27.3 - https:\/\/yoast.com\/product\/yoast-seo-wordpress\/ -->\n<title>Taller intensiu PNI - Alea<\/title>\n<meta name=\"robots\" content=\"index, follow, max-snippet:-1, max-image-preview:large, max-video-preview:-1\" \/>\n<link rel=\"canonical\" href=\"https:\/\/aleasalut.com\/es\/portfolio\/taller-intensiu-pni\/\" \/>\n<meta property=\"og:locale\" content=\"es_ES\" \/>\n<meta property=\"og:type\" content=\"article\" \/>\n<meta property=\"og:title\" content=\"Taller intensiu PNI - Alea\" \/>\n<meta property=\"og:description\" content=\"Esdeveniments EINES PR\u00c0CTIQUES PER CUIDAR-TE DE MANERA SENZILLA Intensiu del mes d\u2019Abril a Alea. Un espai pr\u00e0ctic i transformador per incorporar h\u00e0bits senzills que t\u2019ajudin a recuperar i mantenir la salut en el teu dia a dia. Aquest intensiu est\u00e0 pensat per a totes aquelles persones que volen cuidar-se de manera realista, aplicable i sostenible. [&hellip;]\" \/>\n<meta property=\"og:url\" content=\"https:\/\/aleasalut.com\/es\/portfolio\/taller-intensiu-pni\/\" \/>\n<meta property=\"og:site_name\" content=\"Alea\" \/>\n<meta property=\"article:modified_time\" content=\"2026-03-19T12:16:06+00:00\" \/>\n<meta property=\"og:image\" content=\"https:\/\/aleasalut.com\/wp-content\/uploads\/2026\/03\/INFORMACIO-INSCRIPCIONS-info@aleasalut.com-Pss.-de-la-Sort34-TORREDEMBARRA.jpg\" \/>\n\t<meta property=\"og:image:width\" content=\"1414\" \/>\n\t<meta property=\"og:image:height\" content=\"2000\" \/>\n\t<meta property=\"og:image:type\" content=\"image\/jpeg\" \/>\n<meta name=\"twitter:card\" content=\"summary_large_image\" \/>\n<meta name=\"twitter:label1\" content=\"Tiempo de lectura\" \/>\n\t<meta name=\"twitter:data1\" content=\"2 minutos\" \/>\n<script type=\"application\/ld+json\" class=\"yoast-schema-graph\">{\"@context\":\"https:\\\/\\\/schema.org\",\"@graph\":[{\"@type\":\"WebPage\",\"@id\":\"https:\\\/\\\/aleasalut.com\\\/portfolio\\\/taller-intensiu-pni\\\/\",\"url\":\"https:\\\/\\\/aleasalut.com\\\/portfolio\\\/taller-intensiu-pni\\\/\",\"name\":\"Taller intensiu PNI - Alea\",\"isPartOf\":{\"@id\":\"https:\\\/\\\/aleasalut.com\\\/#website\"},\"primaryImageOfPage\":{\"@id\":\"https:\\\/\\\/aleasalut.com\\\/portfolio\\\/taller-intensiu-pni\\\/#primaryimage\"},\"image\":{\"@id\":\"https:\\\/\\\/aleasalut.com\\\/portfolio\\\/taller-intensiu-pni\\\/#primaryimage\"},\"thumbnailUrl\":\"https:\\\/\\\/aleasalut.com\\\/wp-content\\\/uploads\\\/2026\\\/03\\\/INFORMACIO-INSCRIPCIONS-info@aleasalut.com-Pss.-de-la-Sort34-TORREDEMBARRA-768x1086.jpg\",\"datePublished\":\"2026-03-19T12:10:02+00:00\",\"dateModified\":\"2026-03-19T12:16:06+00:00\",\"breadcrumb\":{\"@id\":\"https:\\\/\\\/aleasalut.com\\\/portfolio\\\/taller-intensiu-pni\\\/#breadcrumb\"},\"inLanguage\":\"es\",\"potentialAction\":[{\"@type\":\"ReadAction\",\"target\":[\"https:\\\/\\\/aleasalut.com\\\/portfolio\\\/taller-intensiu-pni\\\/\"]}]},{\"@type\":\"ImageObject\",\"inLanguage\":\"es\",\"@id\":\"https:\\\/\\\/aleasalut.com\\\/portfolio\\\/taller-intensiu-pni\\\/#primaryimage\",\"url\":\"https:\\\/\\\/aleasalut.com\\\/wp-content\\\/uploads\\\/2026\\\/03\\\/INFORMACIO-INSCRIPCIONS-info@aleasalut.com-Pss.-de-la-Sort34-TORREDEMBARRA-768x1086.jpg\",\"contentUrl\":\"https:\\\/\\\/aleasalut.com\\\/wp-content\\\/uploads\\\/2026\\\/03\\\/INFORMACIO-INSCRIPCIONS-info@aleasalut.com-Pss.-de-la-Sort34-TORREDEMBARRA-768x1086.jpg\"},{\"@type\":\"BreadcrumbList\",\"@id\":\"https:\\\/\\\/aleasalut.com\\\/portfolio\\\/taller-intensiu-pni\\\/#breadcrumb\",\"itemListElement\":[{\"@type\":\"ListItem\",\"position\":1,\"name\":\"Inici\",\"item\":\"https:\\\/\\\/aleasalut.com\\\/\"},{\"@type\":\"ListItem\",\"position\":2,\"name\":\"Portfolio\",\"item\":\"https:\\\/\\\/aleasalut.com\\\/portfolio\\\/\"},{\"@type\":\"ListItem\",\"position\":3,\"name\":\"Taller intensiu PNI\"}]},{\"@type\":\"WebSite\",\"@id\":\"https:\\\/\\\/aleasalut.com\\\/#website\",\"url\":\"https:\\\/\\\/aleasalut.com\\\/\",\"name\":\"Alea\",\"description\":\"\",\"publisher\":{\"@id\":\"https:\\\/\\\/aleasalut.com\\\/#organization\"},\"potentialAction\":[{\"@type\":\"SearchAction\",\"target\":{\"@type\":\"EntryPoint\",\"urlTemplate\":\"https:\\\/\\\/aleasalut.com\\\/?s={search_term_string}\"},\"query-input\":{\"@type\":\"PropertyValueSpecification\",\"valueRequired\":true,\"valueName\":\"search_term_string\"}}],\"inLanguage\":\"es\"},{\"@type\":\"Organization\",\"@id\":\"https:\\\/\\\/aleasalut.com\\\/#organization\",\"name\":\"Alea\",\"url\":\"https:\\\/\\\/aleasalut.com\\\/\",\"logo\":{\"@type\":\"ImageObject\",\"inLanguage\":\"es\",\"@id\":\"https:\\\/\\\/aleasalut.com\\\/#\\\/schema\\\/logo\\\/image\\\/\",\"url\":\"https:\\\/\\\/aleasalut.com\\\/wp-content\\\/uploads\\\/2024\\\/07\\\/ALEA-B_logo_h.png\",\"contentUrl\":\"https:\\\/\\\/aleasalut.com\\\/wp-content\\\/uploads\\\/2024\\\/07\\\/ALEA-B_logo_h.png\",\"width\":707,\"height\":304,\"caption\":\"Alea\"},\"image\":{\"@id\":\"https:\\\/\\\/aleasalut.com\\\/#\\\/schema\\\/logo\\\/image\\\/\"}}]}<\/script>\n<!-- \/ Yoast SEO plugin. -->","yoast_head_json":{"title":"Taller intensiu PNI - Alea","robots":{"index":"index","follow":"follow","max-snippet":"max-snippet:-1","max-image-preview":"max-image-preview:large","max-video-preview":"max-video-preview:-1"},"canonical":"https:\/\/aleasalut.com\/es\/portfolio\/taller-intensiu-pni\/","og_locale":"es_ES","og_type":"article","og_title":"Taller intensiu PNI - Alea","og_description":"Esdeveniments EINES PR\u00c0CTIQUES PER CUIDAR-TE DE MANERA SENZILLA Intensiu del mes d\u2019Abril a Alea. Un espai pr\u00e0ctic i transformador per incorporar h\u00e0bits senzills que t\u2019ajudin a recuperar i mantenir la salut en el teu dia a dia. Aquest intensiu est\u00e0 pensat per a totes aquelles persones que volen cuidar-se de manera realista, aplicable i sostenible. [&hellip;]","og_url":"https:\/\/aleasalut.com\/es\/portfolio\/taller-intensiu-pni\/","og_site_name":"Alea","article_modified_time":"2026-03-19T12:16:06+00:00","og_image":[{"width":1414,"height":2000,"url":"https:\/\/aleasalut.com\/wp-content\/uploads\/2026\/03\/INFORMACIO-INSCRIPCIONS-info@aleasalut.com-Pss.-de-la-Sort34-TORREDEMBARRA.jpg","type":"image\/jpeg"}],"twitter_card":"summary_large_image","twitter_misc":{"Tiempo de lectura":"2 minutos"},"schema":{"@context":"https:\/\/schema.org","@graph":[{"@type":"WebPage","@id":"https:\/\/aleasalut.com\/portfolio\/taller-intensiu-pni\/","url":"https:\/\/aleasalut.com\/portfolio\/taller-intensiu-pni\/","name":"Taller intensiu PNI - Alea","isPartOf":{"@id":"https:\/\/aleasalut.com\/#website"},"primaryImageOfPage":{"@id":"https:\/\/aleasalut.com\/portfolio\/taller-intensiu-pni\/#primaryimage"},"image":{"@id":"https:\/\/aleasalut.com\/portfolio\/taller-intensiu-pni\/#primaryimage"},"thumbnailUrl":"https:\/\/aleasalut.com\/wp-content\/uploads\/2026\/03\/INFORMACIO-INSCRIPCIONS-info@aleasalut.com-Pss.-de-la-Sort34-TORREDEMBARRA-768x1086.jpg","datePublished":"2026-03-19T12:10:02+00:00","dateModified":"2026-03-19T12:16:06+00:00","breadcrumb":{"@id":"https:\/\/aleasalut.com\/portfolio\/taller-intensiu-pni\/#breadcrumb"},"inLanguage":"es","potentialAction":[{"@type":"ReadAction","target":["https:\/\/aleasalut.com\/portfolio\/taller-intensiu-pni\/"]}]},{"@type":"ImageObject","inLanguage":"es","@id":"https:\/\/aleasalut.com\/portfolio\/taller-intensiu-pni\/#primaryimage","url":"https:\/\/aleasalut.com\/wp-content\/uploads\/2026\/03\/INFORMACIO-INSCRIPCIONS-info@aleasalut.com-Pss.-de-la-Sort34-TORREDEMBARRA-768x1086.jpg","contentUrl":"https:\/\/aleasalut.com\/wp-content\/uploads\/2026\/03\/INFORMACIO-INSCRIPCIONS-info@aleasalut.com-Pss.-de-la-Sort34-TORREDEMBARRA-768x1086.jpg"},{"@type":"BreadcrumbList","@id":"https:\/\/aleasalut.com\/portfolio\/taller-intensiu-pni\/#breadcrumb","itemListElement":[{"@type":"ListItem","position":1,"name":"Inici","item":"https:\/\/aleasalut.com\/"},{"@type":"ListItem","position":2,"name":"Portfolio","item":"https:\/\/aleasalut.com\/portfolio\/"},{"@type":"ListItem","position":3,"name":"Taller intensiu PNI"}]},{"@type":"WebSite","@id":"https:\/\/aleasalut.com\/#website","url":"https:\/\/aleasalut.com\/","name":"Alea","description":"","publisher":{"@id":"https:\/\/aleasalut.com\/#organization"},"potentialAction":[{"@type":"SearchAction","target":{"@type":"EntryPoint","urlTemplate":"https:\/\/aleasalut.com\/?s={search_term_string}"},"query-input":{"@type":"PropertyValueSpecification","valueRequired":true,"valueName":"search_term_string"}}],"inLanguage":"es"},{"@type":"Organization","@id":"https:\/\/aleasalut.com\/#organization","name":"Alea","url":"https:\/\/aleasalut.com\/","logo":{"@type":"ImageObject","inLanguage":"es","@id":"https:\/\/aleasalut.com\/#\/schema\/logo\/image\/","url":"https:\/\/aleasalut.com\/wp-content\/uploads\/2024\/07\/ALEA-B_logo_h.png","contentUrl":"https:\/\/aleasalut.com\/wp-content\/uploads\/2024\/07\/ALEA-B_logo_h.png","width":707,"height":304,"caption":"Alea"},"image":{"@id":"https:\/\/aleasalut.com\/#\/schema\/logo\/image\/"}}]}},"_links":{"self":[{"href":"https:\/\/aleasalut.com\/es\/wp-json\/wp\/v2\/pages\/5364","targetHints":{"allow":["GET"]}}],"collection":[{"href":"https:\/\/aleasalut.com\/es\/wp-json\/wp\/v2\/pages"}],"about":[{"href":"https:\/\/aleasalut.com\/es\/wp-json\/wp\/v2\/types\/page"}],"author":[{"embeddable":true,"href":"https:\/\/aleasalut.com\/es\/wp-json\/wp\/v2\/users\/4"}],"replies":[{"embeddable":true,"href":"https:\/\/aleasalut.com\/es\/wp-json\/wp\/v2\/comments?post=5364"}],"version-history":[{"count":7,"href":"https:\/\/aleasalut.com\/es\/wp-json\/wp\/v2\/pages\/5364\/revisions"}],"predecessor-version":[{"id":5376,"href":"https:\/\/aleasalut.com\/es\/wp-json\/wp\/v2\/pages\/5364\/revisions\/5376"}],"up":[{"embeddable":true,"href":"https:\/\/aleasalut.com\/es\/wp-json\/wp\/v2\/pages\/5108"}],"wp:attachment":[{"href":"https:\/\/aleasalut.com\/es\/wp-json\/wp\/v2\/media?parent=5364"}],"curies":[{"name":"wp","href":"https:\/\/api.w.org\/{rel}","templated":true}]}}